{"id":1032,"date":"2024-11-13T10:13:43","date_gmt":"2024-11-13T10:13:43","guid":{"rendered":"https:\/\/pwpolmar.pl\/angebot\/"},"modified":"2025-10-10T10:33:07","modified_gmt":"2025-10-10T10:33:07","slug":"angebot","status":"publish","type":"page","link":"https:\/\/pwpolmar.pl\/de\/angebot\/","title":{"rendered":"Angebot"},"content":{"rendered":"\t\t<div data-elementor-type=\"wp-page\" data-elementor-id=\"1032\" class=\"elementor elementor-1032 elementor-170\" data-elementor-post-type=\"page\">\n\t\t\t\t<div class=\"elementor-element elementor-element-45d9d304 e-flex e-con-boxed e-con e-parent\" data-id=\"45d9d304\" data-element_type=\"container\" data-e-type=\"container\">\n\t\t\t\t\t<div class=\"e-con-inner\">\n\t\t<div class=\"elementor-element elementor-element-48c41505 e-con-full e-flex e-con e-child\" data-id=\"48c41505\" data-element_type=\"container\" data-e-type=\"container\">\n\t\t\t\t<div class=\"elementor-element elementor-element-4331b758 elementor-widget elementor-widget-breadcrumbs\" data-id=\"4331b758\" data-element_type=\"widget\" data-e-type=\"widget\" data-widget_type=\"breadcrumbs.default\">\n\t\t\t\t<div class=\"elementor-widget-container\">\n\t\t\t\t\t<p id=\"breadcrumbs\"><span><span><a href=\"https:\/\/pwpolmar.pl\/de\/home\/\">Strona g\u0142\u00f3wna<\/a><\/span><\/span><\/p>\t\t\t\t<\/div>\n\t\t\t\t<\/div>\n\t\t\t\t<div class=\"elementor-element elementor-element-56096c72 elementor-invisible elementor-widget elementor-widget-heading\" data-id=\"56096c72\" data-element_type=\"widget\" data-e-type=\"widget\" data-settings=\"{&quot;_animation&quot;:&quot;fadeInUp&quot;}\" data-widget_type=\"heading.default\">\n\t\t\t\t<div class=\"elementor-widget-container\">\n\t\t\t\t\t<h1 class=\"elementor-heading-title elementor-size-default\">Angebot<\/h1>\t\t\t\t<\/div>\n\t\t\t\t<\/div>\n\t\t\t\t<div class=\"elementor-element elementor-element-5494b8e elementor-widget elementor-widget-heading\" data-id=\"5494b8e\" data-element_type=\"widget\" data-e-type=\"widget\" data-widget_type=\"heading.default\">\n\t\t\t\t<div class=\"elementor-widget-container\">\n\t\t\t\t\t<h2 class=\"elementor-heading-title elementor-size-default\">Wir spezialisieren uns auf die Konstruktion und Montage ultraleichter hydraulischer Aluminiumaufbauten f\u00fcr neue und gebrauchte Fahrzeuge wie IVECO Daily und FIAT Ducato. Unsere Aufbauten zeichnen sich nicht nur durch ihr geringes Gewicht, sondern auch durch ihre Stabilit\u00e4t und Langlebigkeit aus, was zu h\u00f6herer Effizienz und Kraftstoffersparnis f\u00fchrt. <\/h2>\t\t\t\t<\/div>\n\t\t\t\t<\/div>\n\t\t\t\t<\/div>\n\t\t<div class=\"elementor-element elementor-element-3d0ef89d e-con-full e-flex e-con e-child\" data-id=\"3d0ef89d\" data-element_type=\"container\" data-e-type=\"container\">\n\t\t\t\t<div class=\"elementor-element elementor-element-73558b7a elementor-widget elementor-widget-image\" data-id=\"73558b7a\" data-element_type=\"widget\" data-e-type=\"widget\" data-widget_type=\"image.default\">\n\t\t\t\t<div class=\"elementor-widget-container\">\n\t\t\t\t\t\t\t\t\t\t\t\t\t\t\t<img fetchpriority=\"high\" decoding=\"async\" width=\"800\" height=\"534\" src=\"https:\/\/pwpolmar.pl\/wp-content\/uploads\/2024\/11\/DSC01036-1024x683.jpg\" class=\"attachment-large size-large wp-image-1031\" alt=\"\" srcset=\"https:\/\/pwpolmar.pl\/wp-content\/uploads\/2024\/11\/DSC01036-1024x683.jpg 1024w, https:\/\/pwpolmar.pl\/wp-content\/uploads\/2024\/11\/DSC01036-300x200.jpg 300w, https:\/\/pwpolmar.pl\/wp-content\/uploads\/2024\/11\/DSC01036-768x512.jpg 768w, https:\/\/pwpolmar.pl\/wp-content\/uploads\/2024\/11\/DSC01036-1536x1024.jpg 1536w, https:\/\/pwpolmar.pl\/wp-content\/uploads\/2024\/11\/DSC01036.jpg 1800w\" sizes=\"(max-width: 800px) 100vw, 800px\" \/>\t\t\t\t\t\t\t\t\t\t\t\t\t\t\t<\/div>\n\t\t\t\t<\/div>\n\t\t\t\t<\/div>\n\t\t\t\t\t<\/div>\n\t\t\t\t<\/div>\n\t\t<div class=\"elementor-element elementor-element-adf43bd e-flex e-con-boxed e-con e-parent\" data-id=\"adf43bd\" data-element_type=\"container\" data-e-type=\"container\">\n\t\t\t\t\t<div class=\"e-con-inner\">\n\t\t\t\t<div class=\"elementor-element elementor-element-d031b45 elementor-widget elementor-widget-heading\" data-id=\"d031b45\" data-element_type=\"widget\" data-e-type=\"widget\" data-widget_type=\"heading.default\">\n\t\t\t\t<div class=\"elementor-widget-container\">\n\t\t\t\t\t<h3 class=\"elementor-heading-title elementor-size-default\">Informieren Sie sich \u00fcber unser Angebot im Online-Shop. Wenn Sie ein individuelles Angebot ben\u00f6tigen, schreiben Sie uns oder rufen Sie uns an.  <\/h3>\t\t\t\t<\/div>\n\t\t\t\t<\/div>\n\t\t\t\t<div class=\"elementor-element elementor-element-e068784 elementor-align-center elementor-widget elementor-widget-button\" data-id=\"e068784\" data-element_type=\"widget\" data-e-type=\"widget\" data-widget_type=\"button.default\">\n\t\t\t\t<div class=\"elementor-widget-container\">\n\t\t\t\t\t\t\t\t\t<div class=\"elementor-button-wrapper\">\n\t\t\t\t\t<a class=\"elementor-button elementor-button-link elementor-size-sm\" href=\"https:\/\/polmar.odoo.com\/shop\">\n\t\t\t\t\t\t<span class=\"elementor-button-content-wrapper\">\n\t\t\t\t\t\t\t\t\t<span class=\"elementor-button-text\">Unsere Angebote ansehen<\/span>\n\t\t\t\t\t<\/span>\n\t\t\t\t\t<\/a>\n\t\t\t\t<\/div>\n\t\t\t\t\t\t\t\t<\/div>\n\t\t\t\t<\/div>\n\t\t\t\t\t<\/div>\n\t\t\t\t<\/div>\n\t\t\t\t<\/div>\n\t\t","protected":false},"excerpt":{"rendered":"<p>Angebot Wir spezialisieren uns auf die Konstruktion und Montage ultraleichter hydraulischer Aluminiumaufbauten f\u00fcr neue und gebrauchte Fahrzeuge wie IVECO Daily und FIAT Ducato. Unsere Aufbauten zeichnen sich nicht nur durch ihr geringes Gewicht, sondern auch durch ihre Stabilit\u00e4t und Langlebigkeit aus, was zu h\u00f6herer Effizienz und Kraftstoffersparnis f\u00fchrt. Informieren Sie sich \u00fcber unser Angebot im [&hellip;]<\/p>\n","protected":false},"author":1,"featured_media":0,"parent":0,"menu_order":0,"comment_status":"closed","ping_status":"closed","template":"elementor_header_footer","meta":{"footnotes":""},"class_list":["post-1032","page","type-page","status-publish","hentry"],"yoast_head":"<!-- This site is optimized with the Yoast SEO plugin v26.9 - https:\/\/yoast.com\/product\/yoast-seo-wordpress\/ -->\n<title>Angebot - Polmar | Zabudowy samochodowe Trzebinia<\/title>\n<meta name=\"robots\" content=\"index, follow, max-snippet:-1, max-image-preview:large, max-video-preview:-1\" \/>\n<link rel=\"canonical\" href=\"https:\/\/pwpolmar.pl\/de\/angebot\/\" \/>\n<meta property=\"og:locale\" content=\"de_DE\" \/>\n<meta property=\"og:type\" content=\"article\" \/>\n<meta property=\"og:title\" content=\"Angebot - Polmar | Zabudowy samochodowe Trzebinia\" \/>\n<meta property=\"og:description\" content=\"Angebot Wir spezialisieren uns auf die Konstruktion und Montage ultraleichter hydraulischer Aluminiumaufbauten f\u00fcr neue und gebrauchte Fahrzeuge wie IVECO Daily und FIAT Ducato. Unsere Aufbauten zeichnen sich nicht nur durch ihr geringes Gewicht, sondern auch durch ihre Stabilit\u00e4t und Langlebigkeit aus, was zu h\u00f6herer Effizienz und Kraftstoffersparnis f\u00fchrt. Informieren Sie sich \u00fcber unser Angebot im [&hellip;]\" \/>\n<meta property=\"og:url\" content=\"https:\/\/pwpolmar.pl\/de\/angebot\/\" \/>\n<meta property=\"og:site_name\" content=\"Polmar | Zabudowy samochodowe Trzebinia\" \/>\n<meta property=\"article:modified_time\" content=\"2025-10-10T10:33:07+00:00\" \/>\n<meta property=\"og:image\" content=\"https:\/\/pwpolmar.pl\/wp-content\/uploads\/2024\/11\/DSC01036.jpg\" \/>\n\t<meta property=\"og:image:width\" content=\"1800\" \/>\n\t<meta property=\"og:image:height\" content=\"1200\" \/>\n\t<meta property=\"og:image:type\" content=\"image\/jpeg\" \/>\n<meta name=\"twitter:card\" content=\"summary_large_image\" \/>\n<script type=\"application\/ld+json\" class=\"yoast-schema-graph\">{\"@context\":\"https:\/\/schema.org\",\"@graph\":[{\"@type\":\"WebPage\",\"@id\":\"https:\/\/pwpolmar.pl\/de\/angebot\/\",\"url\":\"https:\/\/pwpolmar.pl\/de\/angebot\/\",\"name\":\"Angebot - Polmar | Zabudowy samochodowe Trzebinia\",\"isPartOf\":{\"@id\":\"https:\/\/pwpolmar.pl\/de\/#website\"},\"primaryImageOfPage\":{\"@id\":\"https:\/\/pwpolmar.pl\/de\/angebot\/#primaryimage\"},\"image\":{\"@id\":\"https:\/\/pwpolmar.pl\/de\/angebot\/#primaryimage\"},\"thumbnailUrl\":\"https:\/\/pwpolmar.pl\/wp-content\/uploads\/2024\/11\/DSC01036-1024x683.jpg\",\"datePublished\":\"2024-11-13T10:13:43+00:00\",\"dateModified\":\"2025-10-10T10:33:07+00:00\",\"breadcrumb\":{\"@id\":\"https:\/\/pwpolmar.pl\/de\/angebot\/#breadcrumb\"},\"inLanguage\":\"de\",\"potentialAction\":[{\"@type\":\"ReadAction\",\"target\":[\"https:\/\/pwpolmar.pl\/de\/angebot\/\"]}]},{\"@type\":\"ImageObject\",\"inLanguage\":\"de\",\"@id\":\"https:\/\/pwpolmar.pl\/de\/angebot\/#primaryimage\",\"url\":\"https:\/\/pwpolmar.pl\/wp-content\/uploads\/2024\/11\/DSC01036-1024x683.jpg\",\"contentUrl\":\"https:\/\/pwpolmar.pl\/wp-content\/uploads\/2024\/11\/DSC01036-1024x683.jpg\"},{\"@type\":\"BreadcrumbList\",\"@id\":\"https:\/\/pwpolmar.pl\/de\/angebot\/#breadcrumb\",\"itemListElement\":[{\"@type\":\"ListItem\",\"position\":1,\"name\":\"Strona g\u0142\u00f3wna\",\"item\":\"https:\/\/pwpolmar.pl\/de\/home\/\"},{\"@type\":\"ListItem\",\"position\":2,\"name\":\"Angebot\"}]},{\"@type\":\"WebSite\",\"@id\":\"https:\/\/pwpolmar.pl\/de\/#website\",\"url\":\"https:\/\/pwpolmar.pl\/de\/\",\"name\":\"Polmar | Zabudowy samochodowe Trzebinia\",\"description\":\"\",\"publisher\":{\"@id\":\"https:\/\/pwpolmar.pl\/de\/#organization\"},\"potentialAction\":[{\"@type\":\"SearchAction\",\"target\":{\"@type\":\"EntryPoint\",\"urlTemplate\":\"https:\/\/pwpolmar.pl\/de\/?s={search_term_string}\"},\"query-input\":{\"@type\":\"PropertyValueSpecification\",\"valueRequired\":true,\"valueName\":\"search_term_string\"}}],\"inLanguage\":\"de\"},{\"@type\":\"Organization\",\"@id\":\"https:\/\/pwpolmar.pl\/de\/#organization\",\"name\":\"Polmar | Zabudowy samochodowe Trzebinia\",\"url\":\"https:\/\/pwpolmar.pl\/de\/\",\"logo\":{\"@type\":\"ImageObject\",\"inLanguage\":\"de\",\"@id\":\"https:\/\/pwpolmar.pl\/de\/#\/schema\/logo\/image\/\",\"url\":\"https:\/\/pwpolmar.pl\/wp-content\/uploads\/2024\/11\/POLMAR-Nadwozia-LOGO-scaled.jpg\",\"contentUrl\":\"https:\/\/pwpolmar.pl\/wp-content\/uploads\/2024\/11\/POLMAR-Nadwozia-LOGO-scaled.jpg\",\"width\":2560,\"height\":1365,\"caption\":\"Polmar | Zabudowy samochodowe Trzebinia\"},\"image\":{\"@id\":\"https:\/\/pwpolmar.pl\/de\/#\/schema\/logo\/image\/\"}}]}<\/script>\n<!-- \/ Yoast SEO plugin. -->","yoast_head_json":{"title":"Angebot - Polmar | Zabudowy samochodowe Trzebinia","robots":{"index":"index","follow":"follow","max-snippet":"max-snippet:-1","max-image-preview":"max-image-preview:large","max-video-preview":"max-video-preview:-1"},"canonical":"https:\/\/pwpolmar.pl\/de\/angebot\/","og_locale":"de_DE","og_type":"article","og_title":"Angebot - Polmar | Zabudowy samochodowe Trzebinia","og_description":"Angebot Wir spezialisieren uns auf die Konstruktion und Montage ultraleichter hydraulischer Aluminiumaufbauten f\u00fcr neue und gebrauchte Fahrzeuge wie IVECO Daily und FIAT Ducato. Unsere Aufbauten zeichnen sich nicht nur durch ihr geringes Gewicht, sondern auch durch ihre Stabilit\u00e4t und Langlebigkeit aus, was zu h\u00f6herer Effizienz und Kraftstoffersparnis f\u00fchrt. Informieren Sie sich \u00fcber unser Angebot im [&hellip;]","og_url":"https:\/\/pwpolmar.pl\/de\/angebot\/","og_site_name":"Polmar | Zabudowy samochodowe Trzebinia","article_modified_time":"2025-10-10T10:33:07+00:00","og_image":[{"width":1800,"height":1200,"url":"https:\/\/pwpolmar.pl\/wp-content\/uploads\/2024\/11\/DSC01036.jpg","type":"image\/jpeg"}],"twitter_card":"summary_large_image","schema":{"@context":"https:\/\/schema.org","@graph":[{"@type":"WebPage","@id":"https:\/\/pwpolmar.pl\/de\/angebot\/","url":"https:\/\/pwpolmar.pl\/de\/angebot\/","name":"Angebot - Polmar | Zabudowy samochodowe Trzebinia","isPartOf":{"@id":"https:\/\/pwpolmar.pl\/de\/#website"},"primaryImageOfPage":{"@id":"https:\/\/pwpolmar.pl\/de\/angebot\/#primaryimage"},"image":{"@id":"https:\/\/pwpolmar.pl\/de\/angebot\/#primaryimage"},"thumbnailUrl":"https:\/\/pwpolmar.pl\/wp-content\/uploads\/2024\/11\/DSC01036-1024x683.jpg","datePublished":"2024-11-13T10:13:43+00:00","dateModified":"2025-10-10T10:33:07+00:00","breadcrumb":{"@id":"https:\/\/pwpolmar.pl\/de\/angebot\/#breadcrumb"},"inLanguage":"de","potentialAction":[{"@type":"ReadAction","target":["https:\/\/pwpolmar.pl\/de\/angebot\/"]}]},{"@type":"ImageObject","inLanguage":"de","@id":"https:\/\/pwpolmar.pl\/de\/angebot\/#primaryimage","url":"https:\/\/pwpolmar.pl\/wp-content\/uploads\/2024\/11\/DSC01036-1024x683.jpg","contentUrl":"https:\/\/pwpolmar.pl\/wp-content\/uploads\/2024\/11\/DSC01036-1024x683.jpg"},{"@type":"BreadcrumbList","@id":"https:\/\/pwpolmar.pl\/de\/angebot\/#breadcrumb","itemListElement":[{"@type":"ListItem","position":1,"name":"Strona g\u0142\u00f3wna","item":"https:\/\/pwpolmar.pl\/de\/home\/"},{"@type":"ListItem","position":2,"name":"Angebot"}]},{"@type":"WebSite","@id":"https:\/\/pwpolmar.pl\/de\/#website","url":"https:\/\/pwpolmar.pl\/de\/","name":"Polmar | Zabudowy samochodowe Trzebinia","description":"","publisher":{"@id":"https:\/\/pwpolmar.pl\/de\/#organization"},"potentialAction":[{"@type":"SearchAction","target":{"@type":"EntryPoint","urlTemplate":"https:\/\/pwpolmar.pl\/de\/?s={search_term_string}"},"query-input":{"@type":"PropertyValueSpecification","valueRequired":true,"valueName":"search_term_string"}}],"inLanguage":"de"},{"@type":"Organization","@id":"https:\/\/pwpolmar.pl\/de\/#organization","name":"Polmar | Zabudowy samochodowe Trzebinia","url":"https:\/\/pwpolmar.pl\/de\/","logo":{"@type":"ImageObject","inLanguage":"de","@id":"https:\/\/pwpolmar.pl\/de\/#\/schema\/logo\/image\/","url":"https:\/\/pwpolmar.pl\/wp-content\/uploads\/2024\/11\/POLMAR-Nadwozia-LOGO-scaled.jpg","contentUrl":"https:\/\/pwpolmar.pl\/wp-content\/uploads\/2024\/11\/POLMAR-Nadwozia-LOGO-scaled.jpg","width":2560,"height":1365,"caption":"Polmar | Zabudowy samochodowe Trzebinia"},"image":{"@id":"https:\/\/pwpolmar.pl\/de\/#\/schema\/logo\/image\/"}}]}},"_links":{"self":[{"href":"https:\/\/pwpolmar.pl\/de\/wp-json\/wp\/v2\/pages\/1032","targetHints":{"allow":["GET"]}}],"collection":[{"href":"https:\/\/pwpolmar.pl\/de\/wp-json\/wp\/v2\/pages"}],"about":[{"href":"https:\/\/pwpolmar.pl\/de\/wp-json\/wp\/v2\/types\/page"}],"author":[{"embeddable":true,"href":"https:\/\/pwpolmar.pl\/de\/wp-json\/wp\/v2\/users\/1"}],"replies":[{"embeddable":true,"href":"https:\/\/pwpolmar.pl\/de\/wp-json\/wp\/v2\/comments?post=1032"}],"version-history":[{"count":1,"href":"https:\/\/pwpolmar.pl\/de\/wp-json\/wp\/v2\/pages\/1032\/revisions"}],"predecessor-version":[{"id":1033,"href":"https:\/\/pwpolmar.pl\/de\/wp-json\/wp\/v2\/pages\/1032\/revisions\/1033"}],"wp:attachment":[{"href":"https:\/\/pwpolmar.pl\/de\/wp-json\/wp\/v2\/media?parent=1032"}],"curies":[{"name":"wp","href":"https:\/\/api.w.org\/{rel}","templated":true}]}}