{"id":1045,"date":"2024-11-13T10:14:08","date_gmt":"2024-11-13T10:14:08","guid":{"rendered":"https:\/\/pwpolmar.pl\/kontakt\/"},"modified":"2025-10-10T10:54:57","modified_gmt":"2025-10-10T10:54:57","slug":"kontakt","status":"publish","type":"page","link":"https:\/\/pwpolmar.pl\/de\/kontakt\/","title":{"rendered":"Kontakt"},"content":{"rendered":"\t\t<div data-elementor-type=\"wp-page\" data-elementor-id=\"1045\" class=\"elementor elementor-1045 elementor-174\" data-elementor-post-type=\"page\">\n\t\t\t\t<div class=\"elementor-element elementor-element-118e7113 e-flex e-con-boxed e-con e-parent\" data-id=\"118e7113\" data-element_type=\"container\" data-e-type=\"container\">\n\t\t\t\t\t<div class=\"e-con-inner\">\n\t\t<div class=\"elementor-element elementor-element-7de25d52 e-con-full e-flex e-con e-child\" data-id=\"7de25d52\" data-element_type=\"container\" data-e-type=\"container\">\n\t\t\t\t<div class=\"elementor-element elementor-element-8082a72 elementor-widget elementor-widget-breadcrumbs\" data-id=\"8082a72\" data-element_type=\"widget\" data-e-type=\"widget\" data-widget_type=\"breadcrumbs.default\">\n\t\t\t\t<div class=\"elementor-widget-container\">\n\t\t\t\t\t<p id=\"breadcrumbs\"><span><span><a href=\"https:\/\/pwpolmar.pl\/de\/home\/\">Strona g\u0142\u00f3wna<\/a><\/span><\/span><\/p>\t\t\t\t<\/div>\n\t\t\t\t<\/div>\n\t\t\t\t<div class=\"elementor-element elementor-element-7ff30ed4 elementor-invisible elementor-widget elementor-widget-heading\" data-id=\"7ff30ed4\" data-element_type=\"widget\" data-e-type=\"widget\" data-settings=\"{&quot;_animation&quot;:&quot;fadeInUp&quot;}\" data-widget_type=\"heading.default\">\n\t\t\t\t<div class=\"elementor-widget-container\">\n\t\t\t\t\t<h1 class=\"elementor-heading-title elementor-size-default\">Kontakt<\/h1>\t\t\t\t<\/div>\n\t\t\t\t<\/div>\n\t\t\t\t<div class=\"elementor-element elementor-element-6159ebae elementor-widget elementor-widget-heading\" data-id=\"6159ebae\" data-element_type=\"widget\" data-e-type=\"widget\" data-widget_type=\"heading.default\">\n\t\t\t\t<div class=\"elementor-widget-container\">\n\t\t\t\t\t<h2 class=\"elementor-heading-title elementor-size-default\">Haben Sie Fragen zu unseren Fahrzeugaufbauten, Anh\u00e4ngern oder Aluminiumprofilen?<br>Oder ben\u00f6tigen Sie ein individuelles Angebot oder eine fachkundige Beratung? Wir stehen Ihnen gerne zur Verf\u00fcgung.<br>Unser Beratungsteam beantwortet gerne alle Ihre Fragen und hilft Ihnen, die beste L\u00f6sung f\u00fcr Ihre Anforderungen zu finden.   <\/h2>\t\t\t\t<\/div>\n\t\t\t\t<\/div>\n\t\t\t\t<\/div>\n\t\t<div class=\"elementor-element elementor-element-daca066 e-con-full e-flex e-con e-child\" data-id=\"daca066\" data-element_type=\"container\" data-e-type=\"container\">\n\t\t\t\t<div class=\"elementor-element elementor-element-6f9e6872 elementor-widget elementor-widget-image\" data-id=\"6f9e6872\" data-element_type=\"widget\" data-e-type=\"widget\" data-widget_type=\"image.default\">\n\t\t\t\t<div class=\"elementor-widget-container\">\n\t\t\t\t\t\t\t\t\t\t\t\t\t\t\t<img fetchpriority=\"high\" decoding=\"async\" width=\"800\" height=\"600\" src=\"https:\/\/pwpolmar.pl\/wp-content\/uploads\/2025\/09\/20250411_083937-1024x768.jpg\" class=\"attachment-large size-large wp-image-1044\" alt=\"\" srcset=\"https:\/\/pwpolmar.pl\/wp-content\/uploads\/2025\/09\/20250411_083937-1024x768.jpg 1024w, https:\/\/pwpolmar.pl\/wp-content\/uploads\/2025\/09\/20250411_083937-300x225.jpg 300w, https:\/\/pwpolmar.pl\/wp-content\/uploads\/2025\/09\/20250411_083937-768x576.jpg 768w, https:\/\/pwpolmar.pl\/wp-content\/uploads\/2025\/09\/20250411_083937-1536x1152.jpg 1536w, https:\/\/pwpolmar.pl\/wp-content\/uploads\/2025\/09\/20250411_083937.jpg 1800w\" sizes=\"(max-width: 800px) 100vw, 800px\" \/>\t\t\t\t\t\t\t\t\t\t\t\t\t\t\t<\/div>\n\t\t\t\t<\/div>\n\t\t\t\t<\/div>\n\t\t\t\t\t<\/div>\n\t\t\t\t<\/div>\n\t\t<div class=\"elementor-element elementor-element-a69a795 e-flex e-con-boxed e-con e-parent\" data-id=\"a69a795\" data-element_type=\"container\" data-e-type=\"container\" data-settings=\"{&quot;background_background&quot;:&quot;classic&quot;}\">\n\t\t\t\t\t<div class=\"e-con-inner\">\n\t\t<div class=\"elementor-element elementor-element-55ebbcc e-con-full e-flex e-con e-child\" data-id=\"55ebbcc\" data-element_type=\"container\" data-e-type=\"container\">\n\t\t\t\t<div class=\"elementor-element elementor-element-e1eccf2 elementor-widget elementor-widget-heading\" data-id=\"e1eccf2\" data-element_type=\"widget\" data-e-type=\"widget\" data-widget_type=\"heading.default\">\n\t\t\t\t<div class=\"elementor-widget-container\">\n\t\t\t\t\t<h4 class=\"elementor-heading-title elementor-size-default\">POLMAR Nadowozia<\/h4>\t\t\t\t<\/div>\n\t\t\t\t<\/div>\n\t\t\t\t<div class=\"elementor-element elementor-element-701ca4c elementor-icon-list--layout-traditional elementor-list-item-link-full_width elementor-widget elementor-widget-icon-list\" data-id=\"701ca4c\" data-element_type=\"widget\" data-e-type=\"widget\" data-widget_type=\"icon-list.default\">\n\t\t\t\t<div class=\"elementor-widget-container\">\n\t\t\t\t\t\t\t<ul class=\"elementor-icon-list-items\">\n\t\t\t\t\t\t\t<li class=\"elementor-icon-list-item\">\n\t\t\t\t\t\t\t\t\t\t\t<span class=\"elementor-icon-list-icon\">\n\t\t\t\t\t\t\t<svg aria-hidden=\"true\" class=\"e-font-icon-svg e-fas-home\" viewBox=\"0 0 576 512\" xmlns=\"http:\/\/www.w3.org\/2000\/svg\"><path d=\"M280.37 148.26L96 300.11V464a16 16 0 0 0 16 16l112.06-.29a16 16 0 0 0 15.92-16V368a16 16 0 0 1 16-16h64a16 16 0 0 1 16 16v95.64a16 16 0 0 0 16 16.05L464 480a16 16 0 0 0 16-16V300L295.67 148.26a12.19 12.19 0 0 0-15.3 0zM571.6 251.47L488 182.56V44.05a12 12 0 0 0-12-12h-56a12 12 0 0 0-12 12v72.61L318.47 43a48 48 0 0 0-61 0L4.34 251.47a12 12 0 0 0-1.6 16.9l25.5 31A12 12 0 0 0 45.15 301l235.22-193.74a12.19 12.19 0 0 1 15.3 0L530.9 301a12 12 0 0 0 16.9-1.6l25.5-31a12 12 0 0 0-1.7-16.93z\"><\/path><\/svg>\t\t\t\t\t\t<\/span>\n\t\t\t\t\t\t\t\t\t\t<span class=\"elementor-icon-list-text\">D\u0142uga Stra\u00dfe 63a, 32-540 Trzebinia <\/span>\n\t\t\t\t\t\t\t\t\t<\/li>\n\t\t\t\t\t\t<\/ul>\n\t\t\t\t\t\t<\/div>\n\t\t\t\t<\/div>\n\t\t\t\t<div class=\"elementor-element elementor-element-1e6d0ae elementor-icon-list--layout-traditional elementor-list-item-link-full_width elementor-widget elementor-widget-icon-list\" data-id=\"1e6d0ae\" data-element_type=\"widget\" data-e-type=\"widget\" data-widget_type=\"icon-list.default\">\n\t\t\t\t<div class=\"elementor-widget-container\">\n\t\t\t\t\t\t\t<ul class=\"elementor-icon-list-items\">\n\t\t\t\t\t\t\t<li class=\"elementor-icon-list-item\">\n\t\t\t\t\t\t\t\t\t\t\t<a href=\"mailto:biuro@pwpolmar.pl\">\n\n\t\t\t\t\t\t\t\t\t\t\t\t<span class=\"elementor-icon-list-icon\">\n\t\t\t\t\t\t\t<svg aria-hidden=\"true\" class=\"e-font-icon-svg e-fas-envelope\" viewBox=\"0 0 512 512\" xmlns=\"http:\/\/www.w3.org\/2000\/svg\"><path d=\"M502.3 190.8c3.9-3.1 9.7-.2 9.7 4.7V400c0 26.5-21.5 48-48 48H48c-26.5 0-48-21.5-48-48V195.6c0-5 5.7-7.8 9.7-4.7 22.4 17.4 52.1 39.5 154.1 113.6 21.1 15.4 56.7 47.8 92.2 47.6 35.7.3 72-32.8 92.3-47.6 102-74.1 131.6-96.3 154-113.7zM256 320c23.2.4 56.6-29.2 73.4-41.4 132.7-96.3 142.8-104.7 173.4-128.7 5.8-4.5 9.2-11.5 9.2-18.9v-19c0-26.5-21.5-48-48-48H48C21.5 64 0 85.5 0 112v19c0 7.4 3.4 14.3 9.2 18.9 30.6 23.9 40.7 32.4 173.4 128.7 16.8 12.2 50.2 41.8 73.4 41.4z\"><\/path><\/svg>\t\t\t\t\t\t<\/span>\n\t\t\t\t\t\t\t\t\t\t<span class=\"elementor-icon-list-text\">biuro@pwpolmar.pl<\/span>\n\t\t\t\t\t\t\t\t\t\t\t<\/a>\n\t\t\t\t\t\t\t\t\t<\/li>\n\t\t\t\t\t\t\t\t<li class=\"elementor-icon-list-item\">\n\t\t\t\t\t\t\t\t\t\t\t<a href=\"mailto:biuro@polmarnadwozia.pl\">\n\n\t\t\t\t\t\t\t\t\t\t\t\t<span class=\"elementor-icon-list-icon\">\n\t\t\t\t\t\t\t<svg aria-hidden=\"true\" class=\"e-font-icon-svg e-fas-envelope\" viewBox=\"0 0 512 512\" xmlns=\"http:\/\/www.w3.org\/2000\/svg\"><path d=\"M502.3 190.8c3.9-3.1 9.7-.2 9.7 4.7V400c0 26.5-21.5 48-48 48H48c-26.5 0-48-21.5-48-48V195.6c0-5 5.7-7.8 9.7-4.7 22.4 17.4 52.1 39.5 154.1 113.6 21.1 15.4 56.7 47.8 92.2 47.6 35.7.3 72-32.8 92.3-47.6 102-74.1 131.6-96.3 154-113.7zM256 320c23.2.4 56.6-29.2 73.4-41.4 132.7-96.3 142.8-104.7 173.4-128.7 5.8-4.5 9.2-11.5 9.2-18.9v-19c0-26.5-21.5-48-48-48H48C21.5 64 0 85.5 0 112v19c0 7.4 3.4 14.3 9.2 18.9 30.6 23.9 40.7 32.4 173.4 128.7 16.8 12.2 50.2 41.8 73.4 41.4z\"><\/path><\/svg>\t\t\t\t\t\t<\/span>\n\t\t\t\t\t\t\t\t\t\t<span class=\"elementor-icon-list-text\">biuro@polmarnadwozia.pl<\/span>\n\t\t\t\t\t\t\t\t\t\t\t<\/a>\n\t\t\t\t\t\t\t\t\t<\/li>\n\t\t\t\t\t\t\t\t<li class=\"elementor-icon-list-item\">\n\t\t\t\t\t\t\t\t\t\t\t<a href=\"mailto:sklep@pwpolmar.pl\">\n\n\t\t\t\t\t\t\t\t\t\t\t\t<span class=\"elementor-icon-list-icon\">\n\t\t\t\t\t\t\t<svg aria-hidden=\"true\" class=\"e-font-icon-svg e-fas-envelope\" viewBox=\"0 0 512 512\" xmlns=\"http:\/\/www.w3.org\/2000\/svg\"><path d=\"M502.3 190.8c3.9-3.1 9.7-.2 9.7 4.7V400c0 26.5-21.5 48-48 48H48c-26.5 0-48-21.5-48-48V195.6c0-5 5.7-7.8 9.7-4.7 22.4 17.4 52.1 39.5 154.1 113.6 21.1 15.4 56.7 47.8 92.2 47.6 35.7.3 72-32.8 92.3-47.6 102-74.1 131.6-96.3 154-113.7zM256 320c23.2.4 56.6-29.2 73.4-41.4 132.7-96.3 142.8-104.7 173.4-128.7 5.8-4.5 9.2-11.5 9.2-18.9v-19c0-26.5-21.5-48-48-48H48C21.5 64 0 85.5 0 112v19c0 7.4 3.4 14.3 9.2 18.9 30.6 23.9 40.7 32.4 173.4 128.7 16.8 12.2 50.2 41.8 73.4 41.4z\"><\/path><\/svg>\t\t\t\t\t\t<\/span>\n\t\t\t\t\t\t\t\t\t\t<span class=\"elementor-icon-list-text\">sklep@pwpolmar.pl<\/span>\n\t\t\t\t\t\t\t\t\t\t\t<\/a>\n\t\t\t\t\t\t\t\t\t<\/li>\n\t\t\t\t\t\t<\/ul>\n\t\t\t\t\t\t<\/div>\n\t\t\t\t<\/div>\n\t\t\t\t<\/div>\n\t\t<div class=\"elementor-element elementor-element-f78b446 e-con-full e-flex e-con e-child\" data-id=\"f78b446\" data-element_type=\"container\" data-e-type=\"container\">\n\t\t\t\t<div class=\"elementor-element elementor-element-0c5fbe0 elementor-icon-list--layout-traditional elementor-list-item-link-full_width elementor-widget elementor-widget-icon-list\" data-id=\"0c5fbe0\" data-element_type=\"widget\" data-e-type=\"widget\" data-widget_type=\"icon-list.default\">\n\t\t\t\t<div class=\"elementor-widget-container\">\n\t\t\t\t\t\t\t<ul class=\"elementor-icon-list-items\">\n\t\t\t\t\t\t\t<li class=\"elementor-icon-list-item\">\n\t\t\t\t\t\t\t\t\t\t\t<a href=\"tel:882654178\">\n\n\t\t\t\t\t\t\t\t\t\t\t\t<span class=\"elementor-icon-list-icon\">\n\t\t\t\t\t\t\t<svg aria-hidden=\"true\" class=\"e-font-icon-svg e-fas-envelope\" viewBox=\"0 0 512 512\" xmlns=\"http:\/\/www.w3.org\/2000\/svg\"><path d=\"M502.3 190.8c3.9-3.1 9.7-.2 9.7 4.7V400c0 26.5-21.5 48-48 48H48c-26.5 0-48-21.5-48-48V195.6c0-5 5.7-7.8 9.7-4.7 22.4 17.4 52.1 39.5 154.1 113.6 21.1 15.4 56.7 47.8 92.2 47.6 35.7.3 72-32.8 92.3-47.6 102-74.1 131.6-96.3 154-113.7zM256 320c23.2.4 56.6-29.2 73.4-41.4 132.7-96.3 142.8-104.7 173.4-128.7 5.8-4.5 9.2-11.5 9.2-18.9v-19c0-26.5-21.5-48-48-48H48C21.5 64 0 85.5 0 112v19c0 7.4 3.4 14.3 9.2 18.9 30.6 23.9 40.7 32.4 173.4 128.7 16.8 12.2 50.2 41.8 73.4 41.4z\"><\/path><\/svg>\t\t\t\t\t\t<\/span>\n\t\t\t\t\t\t\t\t\t\t<span class=\"elementor-icon-list-text\">Shop: +48 882 654 178<\/span>\n\t\t\t\t\t\t\t\t\t\t\t<\/a>\n\t\t\t\t\t\t\t\t\t<\/li>\n\t\t\t\t\t\t<\/ul>\n\t\t\t\t\t\t<\/div>\n\t\t\t\t<\/div>\n\t\t\t\t<div class=\"elementor-element elementor-element-8a8dcb0 elementor-icon-list--layout-traditional elementor-list-item-link-full_width elementor-widget elementor-widget-icon-list\" data-id=\"8a8dcb0\" data-element_type=\"widget\" data-e-type=\"widget\" data-widget_type=\"icon-list.default\">\n\t\t\t\t<div class=\"elementor-widget-container\">\n\t\t\t\t\t\t\t<ul class=\"elementor-icon-list-items\">\n\t\t\t\t\t\t\t<li class=\"elementor-icon-list-item\">\n\t\t\t\t\t\t\t\t\t\t\t<a href=\"tel:602751281\">\n\n\t\t\t\t\t\t\t\t\t\t\t\t<span class=\"elementor-icon-list-icon\">\n\t\t\t\t\t\t\t<svg aria-hidden=\"true\" class=\"e-font-icon-svg e-fas-envelope\" viewBox=\"0 0 512 512\" xmlns=\"http:\/\/www.w3.org\/2000\/svg\"><path d=\"M502.3 190.8c3.9-3.1 9.7-.2 9.7 4.7V400c0 26.5-21.5 48-48 48H48c-26.5 0-48-21.5-48-48V195.6c0-5 5.7-7.8 9.7-4.7 22.4 17.4 52.1 39.5 154.1 113.6 21.1 15.4 56.7 47.8 92.2 47.6 35.7.3 72-32.8 92.3-47.6 102-74.1 131.6-96.3 154-113.7zM256 320c23.2.4 56.6-29.2 73.4-41.4 132.7-96.3 142.8-104.7 173.4-128.7 5.8-4.5 9.2-11.5 9.2-18.9v-19c0-26.5-21.5-48-48-48H48C21.5 64 0 85.5 0 112v19c0 7.4 3.4 14.3 9.2 18.9 30.6 23.9 40.7 32.4 173.4 128.7 16.8 12.2 50.2 41.8 73.4 41.4z\"><\/path><\/svg>\t\t\t\t\t\t<\/span>\n\t\t\t\t\t\t\t\t\t\t<span class=\"elementor-icon-list-text\">Service: +48 602 751 281<\/span>\n\t\t\t\t\t\t\t\t\t\t\t<\/a>\n\t\t\t\t\t\t\t\t\t<\/li>\n\t\t\t\t\t\t<\/ul>\n\t\t\t\t\t\t<\/div>\n\t\t\t\t<\/div>\n\t\t\t\t<div class=\"elementor-element elementor-element-d4dc827 elementor-icon-list--layout-traditional elementor-list-item-link-full_width elementor-widget elementor-widget-icon-list\" data-id=\"d4dc827\" data-element_type=\"widget\" data-e-type=\"widget\" data-widget_type=\"icon-list.default\">\n\t\t\t\t<div class=\"elementor-widget-container\">\n\t\t\t\t\t\t\t<ul class=\"elementor-icon-list-items\">\n\t\t\t\t\t\t\t<li class=\"elementor-icon-list-item\">\n\t\t\t\t\t\t\t\t\t\t\t<a href=\"tel:606314979\">\n\n\t\t\t\t\t\t\t\t\t\t\t\t<span class=\"elementor-icon-list-icon\">\n\t\t\t\t\t\t\t<svg aria-hidden=\"true\" class=\"e-font-icon-svg e-fas-envelope\" viewBox=\"0 0 512 512\" xmlns=\"http:\/\/www.w3.org\/2000\/svg\"><path d=\"M502.3 190.8c3.9-3.1 9.7-.2 9.7 4.7V400c0 26.5-21.5 48-48 48H48c-26.5 0-48-21.5-48-48V195.6c0-5 5.7-7.8 9.7-4.7 22.4 17.4 52.1 39.5 154.1 113.6 21.1 15.4 56.7 47.8 92.2 47.6 35.7.3 72-32.8 92.3-47.6 102-74.1 131.6-96.3 154-113.7zM256 320c23.2.4 56.6-29.2 73.4-41.4 132.7-96.3 142.8-104.7 173.4-128.7 5.8-4.5 9.2-11.5 9.2-18.9v-19c0-26.5-21.5-48-48-48H48C21.5 64 0 85.5 0 112v19c0 7.4 3.4 14.3 9.2 18.9 30.6 23.9 40.7 32.4 173.4 128.7 16.8 12.2 50.2 41.8 73.4 41.4z\"><\/path><\/svg>\t\t\t\t\t\t<\/span>\n\t\t\t\t\t\t\t\t\t\t<span class=\"elementor-icon-list-text\">B\u00fcro: +48 606 314 979<\/span>\n\t\t\t\t\t\t\t\t\t\t\t<\/a>\n\t\t\t\t\t\t\t\t\t<\/li>\n\t\t\t\t\t\t<\/ul>\n\t\t\t\t\t\t<\/div>\n\t\t\t\t<\/div>\n\t\t\t\t<\/div>\n\t\t\t\t\t<\/div>\n\t\t\t\t<\/div>\n\t\t<div class=\"elementor-element elementor-element-305fe18 e-flex e-con-boxed e-con e-parent\" data-id=\"305fe18\" data-element_type=\"container\" data-e-type=\"container\">\n\t\t\t\t\t<div class=\"e-con-inner\">\n\t\t\t\t<div class=\"elementor-element elementor-element-9348d95 elementor-invisible elementor-widget elementor-widget-heading\" data-id=\"9348d95\" data-element_type=\"widget\" data-e-type=\"widget\" data-settings=\"{&quot;_animation&quot;:&quot;fadeInUp&quot;}\" data-widget_type=\"heading.default\">\n\t\t\t\t<div class=\"elementor-widget-container\">\n\t\t\t\t\t<h4 class=\"elementor-heading-title elementor-size-default\">Finden Sie uns auf der Karte<\/h4>\t\t\t\t<\/div>\n\t\t\t\t<\/div>\n\t\t\t\t<div class=\"elementor-element elementor-element-1960f57 elementor-widget elementor-widget-heading\" data-id=\"1960f57\" data-element_type=\"widget\" data-e-type=\"widget\" data-widget_type=\"heading.default\">\n\t\t\t\t<div class=\"elementor-widget-container\">\n\t\t\t\t\t<h2 class=\"elementor-heading-title elementor-size-default\">Kontaktieren Sie uns, um unser vollst\u00e4ndiges Angebot kennenzulernen und den Aufbau zu w\u00e4hlen, der perfekt zu Ihren Anforderungen passt!<\/h2>\t\t\t\t<\/div>\n\t\t\t\t<\/div>\n\t\t\t\t<div class=\"elementor-element elementor-element-7ac432e elementor-widget elementor-widget-google_maps\" data-id=\"7ac432e\" data-element_type=\"widget\" data-e-type=\"widget\" data-widget_type=\"google_maps.default\">\n\t\t\t\t<div class=\"elementor-widget-container\">\n\t\t\t\t\t\t\t<div class=\"elementor-custom-embed\">\n\t\t\t<iframe loading=\"lazy\"\n\t\t\t\t\tsrc=\"https:\/\/maps.google.com\/maps?q=Polmar%20Trzebinia&#038;t=m&#038;z=10&#038;output=embed&#038;iwloc=near\"\n\t\t\t\t\ttitle=\"Polmar Trzebinia\"\n\t\t\t\t\taria-label=\"Polmar Trzebinia\"\n\t\t\t><\/iframe>\n\t\t<\/div>\n\t\t\t\t\t\t<\/div>\n\t\t\t\t<\/div>\n\t\t\t\t\t<\/div>\n\t\t\t\t<\/div>\n\t\t\t\t<\/div>\n\t\t","protected":false},"excerpt":{"rendered":"<p>Kontakt Haben Sie Fragen zu unseren Fahrzeugaufbauten, Anh\u00e4ngern oder Aluminiumprofilen?Oder ben\u00f6tigen Sie ein individuelles Angebot oder eine fachkundige Beratung? Wir stehen Ihnen gerne zur Verf\u00fcgung.Unser Beratungsteam beantwortet gerne alle Ihre Fragen und hilft Ihnen, die beste L\u00f6sung f\u00fcr Ihre Anforderungen zu finden. POLMAR Nadowozia D\u0142uga Stra\u00dfe 63a, 32-540 Trzebinia biuro@pwpolmar.pl biuro@polmarnadwozia.pl sklep@pwpolmar.pl Shop: +48 882 [&hellip;]<\/p>\n","protected":false},"author":1,"featured_media":0,"parent":0,"menu_order":0,"comment_status":"closed","ping_status":"closed","template":"elementor_header_footer","meta":{"footnotes":""},"class_list":["post-1045","page","type-page","status-publish","hentry"],"yoast_head":"<!-- This site is optimized with the Yoast SEO plugin v26.9 - https:\/\/yoast.com\/product\/yoast-seo-wordpress\/ -->\n<title>Kontakt - Polmar | Zabudowy samochodowe Trzebinia<\/title>\n<meta name=\"robots\" content=\"index, follow, max-snippet:-1, max-image-preview:large, max-video-preview:-1\" \/>\n<link rel=\"canonical\" href=\"https:\/\/pwpolmar.pl\/de\/kontakt\/\" \/>\n<meta property=\"og:locale\" content=\"de_DE\" \/>\n<meta property=\"og:type\" content=\"article\" \/>\n<meta property=\"og:title\" content=\"Kontakt - Polmar | Zabudowy samochodowe Trzebinia\" \/>\n<meta property=\"og:description\" content=\"Kontakt Haben Sie Fragen zu unseren Fahrzeugaufbauten, Anh\u00e4ngern oder Aluminiumprofilen?Oder ben\u00f6tigen Sie ein individuelles Angebot oder eine fachkundige Beratung? Wir stehen Ihnen gerne zur Verf\u00fcgung.Unser Beratungsteam beantwortet gerne alle Ihre Fragen und hilft Ihnen, die beste L\u00f6sung f\u00fcr Ihre Anforderungen zu finden. POLMAR Nadowozia D\u0142uga Stra\u00dfe 63a, 32-540 Trzebinia biuro@pwpolmar.pl biuro@polmarnadwozia.pl sklep@pwpolmar.pl Shop: +48 882 [&hellip;]\" \/>\n<meta property=\"og:url\" content=\"https:\/\/pwpolmar.pl\/de\/kontakt\/\" \/>\n<meta property=\"og:site_name\" content=\"Polmar | Zabudowy samochodowe Trzebinia\" \/>\n<meta property=\"article:modified_time\" content=\"2025-10-10T10:54:57+00:00\" \/>\n<meta property=\"og:image\" content=\"https:\/\/pwpolmar.pl\/wp-content\/uploads\/2025\/09\/20250411_083937.jpg\" \/>\n\t<meta property=\"og:image:width\" content=\"1800\" \/>\n\t<meta property=\"og:image:height\" content=\"1350\" \/>\n\t<meta property=\"og:image:type\" content=\"image\/jpeg\" \/>\n<meta name=\"twitter:card\" content=\"summary_large_image\" \/>\n<script type=\"application\/ld+json\" class=\"yoast-schema-graph\">{\"@context\":\"https:\/\/schema.org\",\"@graph\":[{\"@type\":\"WebPage\",\"@id\":\"https:\/\/pwpolmar.pl\/de\/kontakt\/\",\"url\":\"https:\/\/pwpolmar.pl\/de\/kontakt\/\",\"name\":\"Kontakt - Polmar | Zabudowy samochodowe Trzebinia\",\"isPartOf\":{\"@id\":\"https:\/\/pwpolmar.pl\/de\/#website\"},\"primaryImageOfPage\":{\"@id\":\"https:\/\/pwpolmar.pl\/de\/kontakt\/#primaryimage\"},\"image\":{\"@id\":\"https:\/\/pwpolmar.pl\/de\/kontakt\/#primaryimage\"},\"thumbnailUrl\":\"https:\/\/pwpolmar.pl\/wp-content\/uploads\/2025\/09\/20250411_083937-1024x768.jpg\",\"datePublished\":\"2024-11-13T10:14:08+00:00\",\"dateModified\":\"2025-10-10T10:54:57+00:00\",\"breadcrumb\":{\"@id\":\"https:\/\/pwpolmar.pl\/de\/kontakt\/#breadcrumb\"},\"inLanguage\":\"de\",\"potentialAction\":[{\"@type\":\"ReadAction\",\"target\":[\"https:\/\/pwpolmar.pl\/de\/kontakt\/\"]}]},{\"@type\":\"ImageObject\",\"inLanguage\":\"de\",\"@id\":\"https:\/\/pwpolmar.pl\/de\/kontakt\/#primaryimage\",\"url\":\"https:\/\/pwpolmar.pl\/wp-content\/uploads\/2025\/09\/20250411_083937-1024x768.jpg\",\"contentUrl\":\"https:\/\/pwpolmar.pl\/wp-content\/uploads\/2025\/09\/20250411_083937-1024x768.jpg\"},{\"@type\":\"BreadcrumbList\",\"@id\":\"https:\/\/pwpolmar.pl\/de\/kontakt\/#breadcrumb\",\"itemListElement\":[{\"@type\":\"ListItem\",\"position\":1,\"name\":\"Strona g\u0142\u00f3wna\",\"item\":\"https:\/\/pwpolmar.pl\/de\/home\/\"},{\"@type\":\"ListItem\",\"position\":2,\"name\":\"Kontakt\"}]},{\"@type\":\"WebSite\",\"@id\":\"https:\/\/pwpolmar.pl\/de\/#website\",\"url\":\"https:\/\/pwpolmar.pl\/de\/\",\"name\":\"Polmar | Zabudowy samochodowe Trzebinia\",\"description\":\"\",\"publisher\":{\"@id\":\"https:\/\/pwpolmar.pl\/de\/#organization\"},\"potentialAction\":[{\"@type\":\"SearchAction\",\"target\":{\"@type\":\"EntryPoint\",\"urlTemplate\":\"https:\/\/pwpolmar.pl\/de\/?s={search_term_string}\"},\"query-input\":{\"@type\":\"PropertyValueSpecification\",\"valueRequired\":true,\"valueName\":\"search_term_string\"}}],\"inLanguage\":\"de\"},{\"@type\":\"Organization\",\"@id\":\"https:\/\/pwpolmar.pl\/de\/#organization\",\"name\":\"Polmar | Zabudowy samochodowe Trzebinia\",\"url\":\"https:\/\/pwpolmar.pl\/de\/\",\"logo\":{\"@type\":\"ImageObject\",\"inLanguage\":\"de\",\"@id\":\"https:\/\/pwpolmar.pl\/de\/#\/schema\/logo\/image\/\",\"url\":\"https:\/\/pwpolmar.pl\/wp-content\/uploads\/2024\/11\/POLMAR-Nadwozia-LOGO-scaled.jpg\",\"contentUrl\":\"https:\/\/pwpolmar.pl\/wp-content\/uploads\/2024\/11\/POLMAR-Nadwozia-LOGO-scaled.jpg\",\"width\":2560,\"height\":1365,\"caption\":\"Polmar | Zabudowy samochodowe Trzebinia\"},\"image\":{\"@id\":\"https:\/\/pwpolmar.pl\/de\/#\/schema\/logo\/image\/\"}}]}<\/script>\n<!-- \/ Yoast SEO plugin. -->","yoast_head_json":{"title":"Kontakt - Polmar | Zabudowy samochodowe Trzebinia","robots":{"index":"index","follow":"follow","max-snippet":"max-snippet:-1","max-image-preview":"max-image-preview:large","max-video-preview":"max-video-preview:-1"},"canonical":"https:\/\/pwpolmar.pl\/de\/kontakt\/","og_locale":"de_DE","og_type":"article","og_title":"Kontakt - Polmar | Zabudowy samochodowe Trzebinia","og_description":"Kontakt Haben Sie Fragen zu unseren Fahrzeugaufbauten, Anh\u00e4ngern oder Aluminiumprofilen?Oder ben\u00f6tigen Sie ein individuelles Angebot oder eine fachkundige Beratung? Wir stehen Ihnen gerne zur Verf\u00fcgung.Unser Beratungsteam beantwortet gerne alle Ihre Fragen und hilft Ihnen, die beste L\u00f6sung f\u00fcr Ihre Anforderungen zu finden. POLMAR Nadowozia D\u0142uga Stra\u00dfe 63a, 32-540 Trzebinia biuro@pwpolmar.pl biuro@polmarnadwozia.pl sklep@pwpolmar.pl Shop: +48 882 [&hellip;]","og_url":"https:\/\/pwpolmar.pl\/de\/kontakt\/","og_site_name":"Polmar | Zabudowy samochodowe Trzebinia","article_modified_time":"2025-10-10T10:54:57+00:00","og_image":[{"width":1800,"height":1350,"url":"https:\/\/pwpolmar.pl\/wp-content\/uploads\/2025\/09\/20250411_083937.jpg","type":"image\/jpeg"}],"twitter_card":"summary_large_image","schema":{"@context":"https:\/\/schema.org","@graph":[{"@type":"WebPage","@id":"https:\/\/pwpolmar.pl\/de\/kontakt\/","url":"https:\/\/pwpolmar.pl\/de\/kontakt\/","name":"Kontakt - Polmar | Zabudowy samochodowe Trzebinia","isPartOf":{"@id":"https:\/\/pwpolmar.pl\/de\/#website"},"primaryImageOfPage":{"@id":"https:\/\/pwpolmar.pl\/de\/kontakt\/#primaryimage"},"image":{"@id":"https:\/\/pwpolmar.pl\/de\/kontakt\/#primaryimage"},"thumbnailUrl":"https:\/\/pwpolmar.pl\/wp-content\/uploads\/2025\/09\/20250411_083937-1024x768.jpg","datePublished":"2024-11-13T10:14:08+00:00","dateModified":"2025-10-10T10:54:57+00:00","breadcrumb":{"@id":"https:\/\/pwpolmar.pl\/de\/kontakt\/#breadcrumb"},"inLanguage":"de","potentialAction":[{"@type":"ReadAction","target":["https:\/\/pwpolmar.pl\/de\/kontakt\/"]}]},{"@type":"ImageObject","inLanguage":"de","@id":"https:\/\/pwpolmar.pl\/de\/kontakt\/#primaryimage","url":"https:\/\/pwpolmar.pl\/wp-content\/uploads\/2025\/09\/20250411_083937-1024x768.jpg","contentUrl":"https:\/\/pwpolmar.pl\/wp-content\/uploads\/2025\/09\/20250411_083937-1024x768.jpg"},{"@type":"BreadcrumbList","@id":"https:\/\/pwpolmar.pl\/de\/kontakt\/#breadcrumb","itemListElement":[{"@type":"ListItem","position":1,"name":"Strona g\u0142\u00f3wna","item":"https:\/\/pwpolmar.pl\/de\/home\/"},{"@type":"ListItem","position":2,"name":"Kontakt"}]},{"@type":"WebSite","@id":"https:\/\/pwpolmar.pl\/de\/#website","url":"https:\/\/pwpolmar.pl\/de\/","name":"Polmar | Zabudowy samochodowe Trzebinia","description":"","publisher":{"@id":"https:\/\/pwpolmar.pl\/de\/#organization"},"potentialAction":[{"@type":"SearchAction","target":{"@type":"EntryPoint","urlTemplate":"https:\/\/pwpolmar.pl\/de\/?s={search_term_string}"},"query-input":{"@type":"PropertyValueSpecification","valueRequired":true,"valueName":"search_term_string"}}],"inLanguage":"de"},{"@type":"Organization","@id":"https:\/\/pwpolmar.pl\/de\/#organization","name":"Polmar | Zabudowy samochodowe Trzebinia","url":"https:\/\/pwpolmar.pl\/de\/","logo":{"@type":"ImageObject","inLanguage":"de","@id":"https:\/\/pwpolmar.pl\/de\/#\/schema\/logo\/image\/","url":"https:\/\/pwpolmar.pl\/wp-content\/uploads\/2024\/11\/POLMAR-Nadwozia-LOGO-scaled.jpg","contentUrl":"https:\/\/pwpolmar.pl\/wp-content\/uploads\/2024\/11\/POLMAR-Nadwozia-LOGO-scaled.jpg","width":2560,"height":1365,"caption":"Polmar | Zabudowy samochodowe Trzebinia"},"image":{"@id":"https:\/\/pwpolmar.pl\/de\/#\/schema\/logo\/image\/"}}]}},"_links":{"self":[{"href":"https:\/\/pwpolmar.pl\/de\/wp-json\/wp\/v2\/pages\/1045","targetHints":{"allow":["GET"]}}],"collection":[{"href":"https:\/\/pwpolmar.pl\/de\/wp-json\/wp\/v2\/pages"}],"about":[{"href":"https:\/\/pwpolmar.pl\/de\/wp-json\/wp\/v2\/types\/page"}],"author":[{"embeddable":true,"href":"https:\/\/pwpolmar.pl\/de\/wp-json\/wp\/v2\/users\/1"}],"replies":[{"embeddable":true,"href":"https:\/\/pwpolmar.pl\/de\/wp-json\/wp\/v2\/comments?post=1045"}],"version-history":[{"count":5,"href":"https:\/\/pwpolmar.pl\/de\/wp-json\/wp\/v2\/pages\/1045\/revisions"}],"predecessor-version":[{"id":1061,"href":"https:\/\/pwpolmar.pl\/de\/wp-json\/wp\/v2\/pages\/1045\/revisions\/1061"}],"wp:attachment":[{"href":"https:\/\/pwpolmar.pl\/de\/wp-json\/wp\/v2\/media?parent=1045"}],"curies":[{"name":"wp","href":"https:\/\/api.w.org\/{rel}","templated":true}]}}