{"id":1024,"date":"2024-11-13T10:13:36","date_gmt":"2024-11-13T10:13:36","guid":{"rendered":"https:\/\/pwpolmar.pl\/sobre-nosotros\/"},"modified":"2025-10-10T10:24:00","modified_gmt":"2025-10-10T10:24:00","slug":"sobre-nosotros","status":"publish","type":"page","link":"https:\/\/pwpolmar.pl\/es\/sobre-nosotros\/","title":{"rendered":"Sobre nosotros"},"content":{"rendered":"\t\t<div data-elementor-type=\"wp-page\" data-elementor-id=\"1024\" class=\"elementor elementor-1024 elementor-168\" data-elementor-post-type=\"page\">\n\t\t\t\t<div class=\"elementor-element elementor-element-73b2c0ee e-flex e-con-boxed e-con e-parent\" data-id=\"73b2c0ee\" data-element_type=\"container\" data-e-type=\"container\" data-settings=\"{&quot;shape_divider_bottom&quot;:&quot;pyramids&quot;}\">\n\t\t\t\t\t<div class=\"e-con-inner\">\n\t\t\t\t<div class=\"elementor-shape elementor-shape-bottom\" aria-hidden=\"true\" data-negative=\"false\">\n\t\t\t<svg xmlns=\"http:\/\/www.w3.org\/2000\/svg\" viewBox=\"0 0 1000 100\" preserveAspectRatio=\"none\">\n\t<path class=\"elementor-shape-fill\" d=\"M761.9,44.1L643.1,27.2L333.8,98L0,3.8V0l1000,0v3.9\"\/>\n<\/svg>\t\t<\/div>\n\t\t<div class=\"elementor-element elementor-element-74f75f0 e-con-full e-flex e-con e-child\" data-id=\"74f75f0\" data-element_type=\"container\" data-e-type=\"container\">\n\t\t\t\t<div class=\"elementor-element elementor-element-676fd060 elementor-invisible elementor-widget elementor-widget-heading\" data-id=\"676fd060\" data-element_type=\"widget\" data-e-type=\"widget\" data-settings=\"{&quot;_animation&quot;:&quot;fadeInUp&quot;}\" data-widget_type=\"heading.default\">\n\t\t\t\t<div class=\"elementor-widget-container\">\n\t\t\t\t\t<h1 class=\"elementor-heading-title elementor-size-default\">Sobre nosotros<\/h1>\t\t\t\t<\/div>\n\t\t\t\t<\/div>\n\t\t\t\t<div class=\"elementor-element elementor-element-4367482f elementor-widget elementor-widget-heading\" data-id=\"4367482f\" data-element_type=\"widget\" data-e-type=\"widget\" data-widget_type=\"heading.default\">\n\t\t\t\t<div class=\"elementor-widget-container\">\n\t\t\t\t\t<h2 class=\"elementor-heading-title elementor-size-default\">Polmar Nadwozia Sp. z o.o. lleva muchos a\u00f1os especializ\u00e1ndose en la producci\u00f3n de gr\u00faas para veh\u00edculos nuevos y matriculados, as\u00ed como remolques de carga para el transporte de veh\u00edculos. Tambi\u00e9n ofrecemos la venta de perfiles de aluminio, soluciones listas para el <a href=\"https:\/\/polmar.odoo.com\/shop\/category\/zestawy-do-samodzielnego-montazu-1\">\n  <u>montaje<\/u>\n<\/a> o <a href=\"https:\/\/polmar.odoo.com\/shop\/category\/wyspawane-zabudowy-do-samodzielnego-wykonczenia-15\">\n  <u>acabado<\/u>\n<\/a> por cuenta propia.<\/h2>\t\t\t\t<\/div>\n\t\t\t\t<\/div>\n\t\t\t\t<\/div>\n\t\t<div class=\"elementor-element elementor-element-602ffac e-con-full e-flex e-con e-child\" data-id=\"602ffac\" data-element_type=\"container\" data-e-type=\"container\">\n\t\t\t\t<div class=\"elementor-element elementor-element-3989f23 elementor-widget elementor-widget-image\" data-id=\"3989f23\" data-element_type=\"widget\" data-e-type=\"widget\" data-widget_type=\"image.default\">\n\t\t\t\t<div class=\"elementor-widget-container\">\n\t\t\t\t\t\t\t\t\t\t\t\t\t\t\t<img fetchpriority=\"high\" decoding=\"async\" width=\"800\" height=\"534\" src=\"https:\/\/pwpolmar.pl\/wp-content\/uploads\/2024\/11\/DSC01146-1024x683.jpg\" class=\"attachment-large size-large wp-image-976\" alt=\"\" srcset=\"https:\/\/pwpolmar.pl\/wp-content\/uploads\/2024\/11\/DSC01146-1024x683.jpg 1024w, https:\/\/pwpolmar.pl\/wp-content\/uploads\/2024\/11\/DSC01146-300x200.jpg 300w, https:\/\/pwpolmar.pl\/wp-content\/uploads\/2024\/11\/DSC01146-768x512.jpg 768w, https:\/\/pwpolmar.pl\/wp-content\/uploads\/2024\/11\/DSC01146-1536x1024.jpg 1536w, https:\/\/pwpolmar.pl\/wp-content\/uploads\/2024\/11\/DSC01146.jpg 1800w\" sizes=\"(max-width: 800px) 100vw, 800px\" \/>\t\t\t\t\t\t\t\t\t\t\t\t\t\t\t<\/div>\n\t\t\t\t<\/div>\n\t\t\t\t<\/div>\n\t\t\t\t\t<\/div>\n\t\t\t\t<\/div>\n\t\t<div class=\"elementor-element elementor-element-4349845 e-flex e-con-boxed e-con e-parent\" data-id=\"4349845\" data-element_type=\"container\" data-e-type=\"container\" data-settings=\"{&quot;background_background&quot;:&quot;classic&quot;}\">\n\t\t\t\t\t<div class=\"e-con-inner\">\n\t\t\t\t<div class=\"elementor-element elementor-element-3328696d elementor-skin-carousel elementor-arrows-yes elementor-widget elementor-widget-media-carousel\" data-id=\"3328696d\" data-element_type=\"widget\" data-e-type=\"widget\" data-settings=\"{&quot;skin&quot;:&quot;carousel&quot;,&quot;effect&quot;:&quot;slide&quot;,&quot;show_arrows&quot;:&quot;yes&quot;,&quot;speed&quot;:500,&quot;autoplay&quot;:&quot;yes&quot;,&quot;autoplay_speed&quot;:5000,&quot;loop&quot;:&quot;yes&quot;,&quot;pause_on_hover&quot;:&quot;yes&quot;,&quot;pause_on_interaction&quot;:&quot;yes&quot;,&quot;space_between&quot;:{&quot;unit&quot;:&quot;px&quot;,&quot;size&quot;:10,&quot;sizes&quot;:[]},&quot;space_between_tablet&quot;:{&quot;unit&quot;:&quot;px&quot;,&quot;size&quot;:10,&quot;sizes&quot;:[]},&quot;space_between_mobile&quot;:{&quot;unit&quot;:&quot;px&quot;,&quot;size&quot;:10,&quot;sizes&quot;:[]}}\" data-widget_type=\"media-carousel.default\">\n\t\t\t\t<div class=\"elementor-widget-container\">\n\t\t\t\t\t\t\t\t\t<div class=\"elementor-swiper\">\n\t\t\t\t\t<div class=\"elementor-main-swiper swiper\" role=\"region\" aria-roledescription=\"carousel\" aria-label=\"Slajdy\">\n\t\t\t\t<div class=\"swiper-wrapper\">\n\t\t\t\t\t\t\t\t\t\t\t<div class=\"swiper-slide\" role=\"group\" aria-roledescription=\"slide\">\n\t\t\t\t\t\t\t\t\t<div class=\"elementor-carousel-image\" role=\"img\" aria-label=\"Sequence 01.00_30_46_05.Still039\" style=\"background-image: url(&#039;https:\/\/pwpolmar.pl\/wp-content\/uploads\/2024\/11\/Sequence-01.00_30_46_05.Still039.jpg&#039;)\">\n\n\t\t\t\n\t\t\t\t\t<\/div>\n\t\t\t\t\t\t\t\t<\/div>\n\t\t\t\t\t\t\t\t\t\t\t<div class=\"swiper-slide\" role=\"group\" aria-roledescription=\"slide\">\n\t\t\t\t\t\t\t\t\t<div class=\"elementor-carousel-image\" role=\"img\" aria-label=\"_T1A9664\" style=\"background-image: url(&#039;https:\/\/pwpolmar.pl\/wp-content\/uploads\/2024\/11\/T1A9664.jpg&#039;)\">\n\n\t\t\t\n\t\t\t\t\t<\/div>\n\t\t\t\t\t\t\t\t<\/div>\n\t\t\t\t\t\t\t\t\t\t\t<div class=\"swiper-slide\" role=\"group\" aria-roledescription=\"slide\">\n\t\t\t\t\t\t\t\t\t<div class=\"elementor-carousel-image\" role=\"img\" aria-label=\"Sequence 01.00_24_34_14.Still035\" style=\"background-image: url(&#039;https:\/\/pwpolmar.pl\/wp-content\/uploads\/2024\/11\/Sequence-01.00_24_34_14.Still035.jpg&#039;)\">\n\n\t\t\t\n\t\t\t\t\t<\/div>\n\t\t\t\t\t\t\t\t<\/div>\n\t\t\t\t\t\t\t\t\t\t\t<div class=\"swiper-slide\" role=\"group\" aria-roledescription=\"slide\">\n\t\t\t\t\t\t\t\t\t<div class=\"elementor-carousel-image\" role=\"img\" aria-label=\"Sequence 01.00_30_08_04.Still038\" style=\"background-image: url(&#039;https:\/\/pwpolmar.pl\/wp-content\/uploads\/2024\/11\/Sequence-01.00_30_08_04.Still038.jpg&#039;)\">\n\n\t\t\t\n\t\t\t\t\t<\/div>\n\t\t\t\t\t\t\t\t<\/div>\n\t\t\t\t\t\t\t\t\t<\/div>\n\t\t\t\t\t\t\t\t\t\t\t\t\t\t\t<div class=\"elementor-swiper-button elementor-swiper-button-prev\" role=\"button\" tabindex=\"0\" aria-label=\"Anterior\">\n\t\t\t\t\t\t\t<svg aria-hidden=\"true\" class=\"e-font-icon-svg e-eicon-chevron-left\" viewBox=\"0 0 1000 1000\" xmlns=\"http:\/\/www.w3.org\/2000\/svg\"><path d=\"M646 125C629 125 613 133 604 142L308 442C296 454 292 471 292 487 292 504 296 521 308 533L604 854C617 867 629 875 646 875 663 875 679 871 692 858 704 846 713 829 713 812 713 796 708 779 692 767L438 487 692 225C700 217 708 204 708 187 708 171 704 154 692 142 675 129 663 125 646 125Z\"><\/path><\/svg>\t\t\t\t\t\t<\/div>\n\t\t\t\t\t\t<div class=\"elementor-swiper-button elementor-swiper-button-next\" role=\"button\" tabindex=\"0\" aria-label=\"Siguiente\">\n\t\t\t\t\t\t\t<svg aria-hidden=\"true\" class=\"e-font-icon-svg e-eicon-chevron-right\" viewBox=\"0 0 1000 1000\" xmlns=\"http:\/\/www.w3.org\/2000\/svg\"><path d=\"M696 533C708 521 713 504 713 487 713 471 708 454 696 446L400 146C388 133 375 125 354 125 338 125 325 129 313 142 300 154 292 171 292 187 292 204 296 221 308 233L563 492 304 771C292 783 288 800 288 817 288 833 296 850 308 863 321 871 338 875 354 875 371 875 388 867 400 854L696 533Z\"><\/path><\/svg>\t\t\t\t\t\t<\/div>\n\t\t\t\t\t\t\t\t\t\t\t\t\t\t\t\t\t<\/div>\n\t\t\t\t<\/div>\n\t\t\t\t\t\t\t\t<\/div>\n\t\t\t\t<\/div>\n\t\t\t\t\t<\/div>\n\t\t\t\t<\/div>\n\t\t<div class=\"elementor-element elementor-element-2a83830 e-flex e-con-boxed e-con e-parent\" data-id=\"2a83830\" data-element_type=\"container\" data-e-type=\"container\">\n\t\t\t\t\t<div class=\"e-con-inner\">\n\t\t\t\t<div class=\"elementor-element elementor-element-df3c28c elementor-widget elementor-widget-heading\" data-id=\"df3c28c\" data-element_type=\"widget\" data-e-type=\"widget\" data-widget_type=\"heading.default\">\n\t\t\t\t<div class=\"elementor-widget-container\">\n\t\t\t\t\t<h4 class=\"elementor-heading-title elementor-size-default\">Nos especializamos en la producci\u00f3n y montaje de carrocer\u00edas de aluminio ultraligeras tipo gr\u00faa, dise\u00f1adas para el transporte de veh\u00edculos y asistencia en carretera. Ofrecemos soluciones tanto para veh\u00edculos nuevos - <strong>IVECO Daily, FIAT Ducato, CITROEN Jumper, OPEL Movano, PEUGEOT Boxer<\/strong> - como para veh\u00edculos ya matriculados, incluyendo: <strong>IVECO Daily, FIAT Ducato, CITROEN Jumper, OPEL Movano, PEUGEOT Boxer, MERCEDES Sprinter, RENAULT Master, VW Crafter, VW LT, FORD Transit, MAN TGE, NISSAN NV400 y otros<\/strong>. Nuestras carrocer\u00edas combinan un peso excepcionalmente bajo con solidez y durabilidad, lo que confirman numerosas opiniones de nuestros clientes. Todas las realizaciones cumplen con estrictas normas de calidad y seguridad, como <strong>ISO 9001:2015, PN-EN 12640:2020, VDI 2700-8.1:2024.<\/strong><\/h4>\t\t\t\t<\/div>\n\t\t\t\t<\/div>\n\t\t\t\t<div class=\"elementor-element elementor-element-e382e1c elementor-widget elementor-widget-heading\" data-id=\"e382e1c\" data-element_type=\"widget\" data-e-type=\"widget\" data-widget_type=\"heading.default\">\n\t\t\t\t<div class=\"elementor-widget-container\">\n\t\t\t\t\t<h2 class=\"elementor-heading-title elementor-size-default\">HOMOLOGACI\u00d3N UE<\/h2>\t\t\t\t<\/div>\n\t\t\t\t<\/div>\n\t\t\t\t<div class=\"elementor-element elementor-element-bb90e1d elementor-widget elementor-widget-heading\" data-id=\"bb90e1d\" data-element_type=\"widget\" data-e-type=\"widget\" data-widget_type=\"heading.default\">\n\t\t\t\t<div class=\"elementor-widget-container\">\n\t\t\t\t\t<h4 class=\"elementor-heading-title elementor-size-default\">La matriculaci\u00f3n de veh\u00edculos nuevos en Polonia y en la Uni\u00f3n Europea requiere el cumplimiento de la norma (UE) 2018\/858, que nuestra empresa <strong>POLMAR NADWOZIA Sp. z o.o.<\/strong> cumple desde 2014, desarroll\u00e1ndola constantemente con cada ampliaci\u00f3n del veh\u00edculo base hasta el d\u00eda de hoy.<\/h4>\t\t\t\t<\/div>\n\t\t\t\t<\/div>\n\t\t\t\t<div class=\"elementor-element elementor-element-0bfda57 elementor-widget elementor-widget-heading\" data-id=\"0bfda57\" data-element_type=\"widget\" data-e-type=\"widget\" data-widget_type=\"heading.default\">\n\t\t\t\t<div class=\"elementor-widget-container\">\n\t\t\t\t\t<h4 class=\"elementor-heading-title elementor-size-default\">Todas nuestras carrocer\u00edas est\u00e1n fabricadas con <a href=\"https:\/\/polmar.odoo.com\/shop\/category\/ksztaltowniki-aluminiowe-3\">\n  <strong>perfiles de aluminio especializados<\/strong>\n<\/a>, dise\u00f1ados por nosotros y producidos exclusivamente para nuestros pedidos. Adem\u00e1s, ofrecemos la posibilidad de adquirir estos componentes probados y fiables a los clientes que deseen realizar sus propios proyectos adaptados a sus necesidades individuales.<\/h4>\t\t\t\t<\/div>\n\t\t\t\t<\/div>\n\t\t\t\t\t<\/div>\n\t\t\t\t<\/div>\n\t\t\t\t<\/div>\n\t\t","protected":false},"excerpt":{"rendered":"<p>Sobre nosotros Polmar Nadwozia Sp. z o.o. lleva muchos a\u00f1os especializ\u00e1ndose en la producci\u00f3n de gr\u00faas para veh\u00edculos nuevos y matriculados, as\u00ed como remolques de carga para el transporte de veh\u00edculos. Tambi\u00e9n ofrecemos la venta de perfiles de aluminio, soluciones listas para el montaje o acabado por cuenta propia. Nos especializamos en la producci\u00f3n y [&hellip;]<\/p>\n","protected":false},"author":1,"featured_media":0,"parent":0,"menu_order":0,"comment_status":"closed","ping_status":"closed","template":"elementor_header_footer","meta":{"footnotes":""},"class_list":["post-1024","page","type-page","status-publish","hentry"],"yoast_head":"<!-- This site is optimized with the Yoast SEO plugin v26.9 - https:\/\/yoast.com\/product\/yoast-seo-wordpress\/ -->\n<title>Sobre nosotros - Polmar | Zabudowy samochodowe Trzebinia<\/title>\n<meta name=\"robots\" content=\"index, follow, max-snippet:-1, max-image-preview:large, max-video-preview:-1\" \/>\n<link rel=\"canonical\" href=\"https:\/\/pwpolmar.pl\/es\/sobre-nosotros\/\" \/>\n<meta property=\"og:locale\" content=\"es_ES\" \/>\n<meta property=\"og:type\" content=\"article\" \/>\n<meta property=\"og:title\" content=\"Sobre nosotros - Polmar | Zabudowy samochodowe Trzebinia\" \/>\n<meta property=\"og:description\" content=\"Sobre nosotros Polmar Nadwozia Sp. z o.o. lleva muchos a\u00f1os especializ\u00e1ndose en la producci\u00f3n de gr\u00faas para veh\u00edculos nuevos y matriculados, as\u00ed como remolques de carga para el transporte de veh\u00edculos. Tambi\u00e9n ofrecemos la venta de perfiles de aluminio, soluciones listas para el montaje o acabado por cuenta propia. Nos especializamos en la producci\u00f3n y [&hellip;]\" \/>\n<meta property=\"og:url\" content=\"https:\/\/pwpolmar.pl\/es\/sobre-nosotros\/\" \/>\n<meta property=\"og:site_name\" content=\"Polmar | Zabudowy samochodowe Trzebinia\" \/>\n<meta property=\"article:modified_time\" content=\"2025-10-10T10:24:00+00:00\" \/>\n<meta property=\"og:image\" content=\"https:\/\/pwpolmar.pl\/wp-content\/uploads\/2024\/11\/DSC01146.jpg\" \/>\n\t<meta property=\"og:image:width\" content=\"1800\" \/>\n\t<meta property=\"og:image:height\" content=\"1200\" \/>\n\t<meta property=\"og:image:type\" content=\"image\/jpeg\" \/>\n<meta name=\"twitter:card\" content=\"summary_large_image\" \/>\n<meta name=\"twitter:label1\" content=\"Tiempo de lectura\" \/>\n\t<meta name=\"twitter:data1\" content=\"1 minuto\" \/>\n<script type=\"application\/ld+json\" class=\"yoast-schema-graph\">{\"@context\":\"https:\/\/schema.org\",\"@graph\":[{\"@type\":\"WebPage\",\"@id\":\"https:\/\/pwpolmar.pl\/es\/sobre-nosotros\/\",\"url\":\"https:\/\/pwpolmar.pl\/es\/sobre-nosotros\/\",\"name\":\"Sobre nosotros - Polmar | Zabudowy samochodowe Trzebinia\",\"isPartOf\":{\"@id\":\"https:\/\/pwpolmar.pl\/es\/#website\"},\"primaryImageOfPage\":{\"@id\":\"https:\/\/pwpolmar.pl\/es\/sobre-nosotros\/#primaryimage\"},\"image\":{\"@id\":\"https:\/\/pwpolmar.pl\/es\/sobre-nosotros\/#primaryimage\"},\"thumbnailUrl\":\"https:\/\/pwpolmar.pl\/wp-content\/uploads\/2024\/11\/DSC01146-1024x683.jpg\",\"datePublished\":\"2024-11-13T10:13:36+00:00\",\"dateModified\":\"2025-10-10T10:24:00+00:00\",\"breadcrumb\":{\"@id\":\"https:\/\/pwpolmar.pl\/es\/sobre-nosotros\/#breadcrumb\"},\"inLanguage\":\"es\",\"potentialAction\":[{\"@type\":\"ReadAction\",\"target\":[\"https:\/\/pwpolmar.pl\/es\/sobre-nosotros\/\"]}]},{\"@type\":\"ImageObject\",\"inLanguage\":\"es\",\"@id\":\"https:\/\/pwpolmar.pl\/es\/sobre-nosotros\/#primaryimage\",\"url\":\"https:\/\/pwpolmar.pl\/wp-content\/uploads\/2024\/11\/DSC01146-1024x683.jpg\",\"contentUrl\":\"https:\/\/pwpolmar.pl\/wp-content\/uploads\/2024\/11\/DSC01146-1024x683.jpg\"},{\"@type\":\"BreadcrumbList\",\"@id\":\"https:\/\/pwpolmar.pl\/es\/sobre-nosotros\/#breadcrumb\",\"itemListElement\":[{\"@type\":\"ListItem\",\"position\":1,\"name\":\"Strona g\u0142\u00f3wna\",\"item\":\"https:\/\/pwpolmar.pl\/es\/inicio\/\"},{\"@type\":\"ListItem\",\"position\":2,\"name\":\"Sobre nosotros\"}]},{\"@type\":\"WebSite\",\"@id\":\"https:\/\/pwpolmar.pl\/es\/#website\",\"url\":\"https:\/\/pwpolmar.pl\/es\/\",\"name\":\"Polmar | Zabudowy samochodowe Trzebinia\",\"description\":\"\",\"publisher\":{\"@id\":\"https:\/\/pwpolmar.pl\/es\/#organization\"},\"potentialAction\":[{\"@type\":\"SearchAction\",\"target\":{\"@type\":\"EntryPoint\",\"urlTemplate\":\"https:\/\/pwpolmar.pl\/es\/?s={search_term_string}\"},\"query-input\":{\"@type\":\"PropertyValueSpecification\",\"valueRequired\":true,\"valueName\":\"search_term_string\"}}],\"inLanguage\":\"es\"},{\"@type\":\"Organization\",\"@id\":\"https:\/\/pwpolmar.pl\/es\/#organization\",\"name\":\"Polmar | Zabudowy samochodowe Trzebinia\",\"url\":\"https:\/\/pwpolmar.pl\/es\/\",\"logo\":{\"@type\":\"ImageObject\",\"inLanguage\":\"es\",\"@id\":\"https:\/\/pwpolmar.pl\/es\/#\/schema\/logo\/image\/\",\"url\":\"https:\/\/pwpolmar.pl\/wp-content\/uploads\/2024\/11\/POLMAR-Nadwozia-LOGO-scaled.jpg\",\"contentUrl\":\"https:\/\/pwpolmar.pl\/wp-content\/uploads\/2024\/11\/POLMAR-Nadwozia-LOGO-scaled.jpg\",\"width\":2560,\"height\":1365,\"caption\":\"Polmar | Zabudowy samochodowe Trzebinia\"},\"image\":{\"@id\":\"https:\/\/pwpolmar.pl\/es\/#\/schema\/logo\/image\/\"}}]}<\/script>\n<!-- \/ Yoast SEO plugin. -->","yoast_head_json":{"title":"Sobre nosotros - Polmar | Zabudowy samochodowe Trzebinia","robots":{"index":"index","follow":"follow","max-snippet":"max-snippet:-1","max-image-preview":"max-image-preview:large","max-video-preview":"max-video-preview:-1"},"canonical":"https:\/\/pwpolmar.pl\/es\/sobre-nosotros\/","og_locale":"es_ES","og_type":"article","og_title":"Sobre nosotros - Polmar | Zabudowy samochodowe Trzebinia","og_description":"Sobre nosotros Polmar Nadwozia Sp. z o.o. lleva muchos a\u00f1os especializ\u00e1ndose en la producci\u00f3n de gr\u00faas para veh\u00edculos nuevos y matriculados, as\u00ed como remolques de carga para el transporte de veh\u00edculos. Tambi\u00e9n ofrecemos la venta de perfiles de aluminio, soluciones listas para el montaje o acabado por cuenta propia. Nos especializamos en la producci\u00f3n y [&hellip;]","og_url":"https:\/\/pwpolmar.pl\/es\/sobre-nosotros\/","og_site_name":"Polmar | Zabudowy samochodowe Trzebinia","article_modified_time":"2025-10-10T10:24:00+00:00","og_image":[{"width":1800,"height":1200,"url":"https:\/\/pwpolmar.pl\/wp-content\/uploads\/2024\/11\/DSC01146.jpg","type":"image\/jpeg"}],"twitter_card":"summary_large_image","twitter_misc":{"Tiempo de lectura":"1 minuto"},"schema":{"@context":"https:\/\/schema.org","@graph":[{"@type":"WebPage","@id":"https:\/\/pwpolmar.pl\/es\/sobre-nosotros\/","url":"https:\/\/pwpolmar.pl\/es\/sobre-nosotros\/","name":"Sobre nosotros - Polmar | Zabudowy samochodowe Trzebinia","isPartOf":{"@id":"https:\/\/pwpolmar.pl\/es\/#website"},"primaryImageOfPage":{"@id":"https:\/\/pwpolmar.pl\/es\/sobre-nosotros\/#primaryimage"},"image":{"@id":"https:\/\/pwpolmar.pl\/es\/sobre-nosotros\/#primaryimage"},"thumbnailUrl":"https:\/\/pwpolmar.pl\/wp-content\/uploads\/2024\/11\/DSC01146-1024x683.jpg","datePublished":"2024-11-13T10:13:36+00:00","dateModified":"2025-10-10T10:24:00+00:00","breadcrumb":{"@id":"https:\/\/pwpolmar.pl\/es\/sobre-nosotros\/#breadcrumb"},"inLanguage":"es","potentialAction":[{"@type":"ReadAction","target":["https:\/\/pwpolmar.pl\/es\/sobre-nosotros\/"]}]},{"@type":"ImageObject","inLanguage":"es","@id":"https:\/\/pwpolmar.pl\/es\/sobre-nosotros\/#primaryimage","url":"https:\/\/pwpolmar.pl\/wp-content\/uploads\/2024\/11\/DSC01146-1024x683.jpg","contentUrl":"https:\/\/pwpolmar.pl\/wp-content\/uploads\/2024\/11\/DSC01146-1024x683.jpg"},{"@type":"BreadcrumbList","@id":"https:\/\/pwpolmar.pl\/es\/sobre-nosotros\/#breadcrumb","itemListElement":[{"@type":"ListItem","position":1,"name":"Strona g\u0142\u00f3wna","item":"https:\/\/pwpolmar.pl\/es\/inicio\/"},{"@type":"ListItem","position":2,"name":"Sobre nosotros"}]},{"@type":"WebSite","@id":"https:\/\/pwpolmar.pl\/es\/#website","url":"https:\/\/pwpolmar.pl\/es\/","name":"Polmar | Zabudowy samochodowe Trzebinia","description":"","publisher":{"@id":"https:\/\/pwpolmar.pl\/es\/#organization"},"potentialAction":[{"@type":"SearchAction","target":{"@type":"EntryPoint","urlTemplate":"https:\/\/pwpolmar.pl\/es\/?s={search_term_string}"},"query-input":{"@type":"PropertyValueSpecification","valueRequired":true,"valueName":"search_term_string"}}],"inLanguage":"es"},{"@type":"Organization","@id":"https:\/\/pwpolmar.pl\/es\/#organization","name":"Polmar | Zabudowy samochodowe Trzebinia","url":"https:\/\/pwpolmar.pl\/es\/","logo":{"@type":"ImageObject","inLanguage":"es","@id":"https:\/\/pwpolmar.pl\/es\/#\/schema\/logo\/image\/","url":"https:\/\/pwpolmar.pl\/wp-content\/uploads\/2024\/11\/POLMAR-Nadwozia-LOGO-scaled.jpg","contentUrl":"https:\/\/pwpolmar.pl\/wp-content\/uploads\/2024\/11\/POLMAR-Nadwozia-LOGO-scaled.jpg","width":2560,"height":1365,"caption":"Polmar | Zabudowy samochodowe Trzebinia"},"image":{"@id":"https:\/\/pwpolmar.pl\/es\/#\/schema\/logo\/image\/"}}]}},"_links":{"self":[{"href":"https:\/\/pwpolmar.pl\/es\/wp-json\/wp\/v2\/pages\/1024","targetHints":{"allow":["GET"]}}],"collection":[{"href":"https:\/\/pwpolmar.pl\/es\/wp-json\/wp\/v2\/pages"}],"about":[{"href":"https:\/\/pwpolmar.pl\/es\/wp-json\/wp\/v2\/types\/page"}],"author":[{"embeddable":true,"href":"https:\/\/pwpolmar.pl\/es\/wp-json\/wp\/v2\/users\/1"}],"replies":[{"embeddable":true,"href":"https:\/\/pwpolmar.pl\/es\/wp-json\/wp\/v2\/comments?post=1024"}],"version-history":[{"count":1,"href":"https:\/\/pwpolmar.pl\/es\/wp-json\/wp\/v2\/pages\/1024\/revisions"}],"predecessor-version":[{"id":1025,"href":"https:\/\/pwpolmar.pl\/es\/wp-json\/wp\/v2\/pages\/1024\/revisions\/1025"}],"wp:attachment":[{"href":"https:\/\/pwpolmar.pl\/es\/wp-json\/wp\/v2\/media?parent=1024"}],"curies":[{"name":"wp","href":"https:\/\/api.w.org\/{rel}","templated":true}]}}