{"id":1085,"date":"2024-11-27T13:26:22","date_gmt":"2024-11-27T13:26:22","guid":{"rendered":"https:\/\/pwpolmar.pl\/galeria\/"},"modified":"2025-10-10T11:03:27","modified_gmt":"2025-10-10T11:03:27","slug":"galeria","status":"publish","type":"page","link":"https:\/\/pwpolmar.pl\/es\/galeria\/","title":{"rendered":"Galer\u00eda"},"content":{"rendered":"\t\t<div data-elementor-type=\"wp-page\" data-elementor-id=\"1085\" class=\"elementor elementor-1085 elementor-356\" data-elementor-post-type=\"page\">\n\t\t\t\t<div class=\"elementor-element elementor-element-5a1d6284 e-flex e-con-boxed e-con e-parent\" data-id=\"5a1d6284\" data-element_type=\"container\" data-e-type=\"container\">\n\t\t\t\t\t<div class=\"e-con-inner\">\n\t\t<div class=\"elementor-element elementor-element-1d2f5da7 e-con-full e-flex e-con e-child\" data-id=\"1d2f5da7\" data-element_type=\"container\" data-e-type=\"container\">\n\t\t\t\t<div class=\"elementor-element elementor-element-26977434 elementor-widget elementor-widget-breadcrumbs\" data-id=\"26977434\" data-element_type=\"widget\" data-e-type=\"widget\" data-widget_type=\"breadcrumbs.default\">\n\t\t\t\t<div class=\"elementor-widget-container\">\n\t\t\t\t\t<p id=\"breadcrumbs\"><span><span><a href=\"https:\/\/pwpolmar.pl\/es\/inicio\/\">Strona g\u0142\u00f3wna<\/a><\/span><\/span><\/p>\t\t\t\t<\/div>\n\t\t\t\t<\/div>\n\t\t\t\t<div class=\"elementor-element elementor-element-2a902366 elementor-invisible elementor-widget elementor-widget-heading\" data-id=\"2a902366\" data-element_type=\"widget\" data-e-type=\"widget\" data-settings=\"{&quot;_animation&quot;:&quot;fadeInUp&quot;}\" data-widget_type=\"heading.default\">\n\t\t\t\t<div class=\"elementor-widget-container\">\n\t\t\t\t\t<h1 class=\"elementor-heading-title elementor-size-default\">Galer\u00eda de proyectos de PW Polmar<\/h1>\t\t\t\t<\/div>\n\t\t\t\t<\/div>\n\t\t\t\t<div class=\"elementor-element elementor-element-41205fb4 elementor-widget elementor-widget-heading\" data-id=\"41205fb4\" data-element_type=\"widget\" data-e-type=\"widget\" data-widget_type=\"heading.default\">\n\t\t\t\t<div class=\"elementor-widget-container\">\n\t\t\t\t\t<h2 class=\"elementor-heading-title elementor-size-default\">A continuaci\u00f3n presentamos los proyectos realizados por PW Polmar. <\/h2>\t\t\t\t<\/div>\n\t\t\t\t<\/div>\n\t\t\t\t<div class=\"elementor-element elementor-element-5bf7c78 elementor-widget-divider--view-line elementor-widget elementor-widget-divider\" data-id=\"5bf7c78\" data-element_type=\"widget\" data-e-type=\"widget\" data-widget_type=\"divider.default\">\n\t\t\t\t<div class=\"elementor-widget-container\">\n\t\t\t\t\t\t\t<div class=\"elementor-divider\">\n\t\t\t<span class=\"elementor-divider-separator\">\n\t\t\t\t\t\t<\/span>\n\t\t<\/div>\n\t\t\t\t\t\t<\/div>\n\t\t\t\t<\/div>\n\t\t\t\t<\/div>\n\t\t\t\t\t<\/div>\n\t\t\t\t<\/div>\n\t\t<div class=\"elementor-element elementor-element-1fe613a e-flex e-con-boxed e-con e-parent\" data-id=\"1fe613a\" data-element_type=\"container\" data-e-type=\"container\">\n\t\t\t\t\t<div class=\"e-con-inner\">\n\t\t<div class=\"elementor-element elementor-element-8604b4f e-con-full e-flex e-con e-child\" data-id=\"8604b4f\" data-element_type=\"container\" data-e-type=\"container\">\n\t\t\t\t<div class=\"elementor-element elementor-element-379fa79 elementor-invisible elementor-widget elementor-widget-heading\" data-id=\"379fa79\" data-element_type=\"widget\" data-e-type=\"widget\" data-settings=\"{&quot;_animation&quot;:&quot;fadeInUp&quot;}\" data-widget_type=\"heading.default\">\n\t\t\t\t<div class=\"elementor-widget-container\">\n\t\t\t\t\t<h3 class=\"elementor-heading-title elementor-size-default\">Veh\u00edculos nuevos<\/h3>\t\t\t\t<\/div>\n\t\t\t\t<\/div>\n\t\t\t\t<div class=\"elementor-element elementor-element-82dea69 elementor-widget elementor-widget-image\" data-id=\"82dea69\" data-element_type=\"widget\" data-e-type=\"widget\" data-widget_type=\"image.default\">\n\t\t\t\t<div class=\"elementor-widget-container\">\n\t\t\t\t\t\t\t\t\t\t\t\t\t\t\t<img fetchpriority=\"high\" decoding=\"async\" width=\"800\" height=\"534\" src=\"https:\/\/pwpolmar.pl\/wp-content\/uploads\/2024\/11\/iveco1_9-1024x683.jpg\" class=\"attachment-large size-large wp-image-1080\" alt=\"\" srcset=\"https:\/\/pwpolmar.pl\/wp-content\/uploads\/2024\/11\/iveco1_9-1024x683.jpg 1024w, https:\/\/pwpolmar.pl\/wp-content\/uploads\/2024\/11\/iveco1_9-300x200.jpg 300w, https:\/\/pwpolmar.pl\/wp-content\/uploads\/2024\/11\/iveco1_9-768x512.jpg 768w, https:\/\/pwpolmar.pl\/wp-content\/uploads\/2024\/11\/iveco1_9-1536x1024.jpg 1536w, https:\/\/pwpolmar.pl\/wp-content\/uploads\/2024\/11\/iveco1_9.jpg 1800w\" sizes=\"(max-width: 800px) 100vw, 800px\" \/>\t\t\t\t\t\t\t\t\t\t\t\t\t\t\t<\/div>\n\t\t\t\t<\/div>\n\t\t\t\t<div class=\"elementor-element elementor-element-cc29a84 elementor-widget elementor-widget-button\" data-id=\"cc29a84\" data-element_type=\"widget\" data-e-type=\"widget\" data-widget_type=\"button.default\">\n\t\t\t\t<div class=\"elementor-widget-container\">\n\t\t\t\t\t\t\t\t\t<div class=\"elementor-button-wrapper\">\n\t\t\t\t\t<a class=\"elementor-button elementor-button-link elementor-size-sm\" href=\"https:\/\/pwpolmar.pl\/galeria\/samochody-nowe\/\">\n\t\t\t\t\t\t<span class=\"elementor-button-content-wrapper\">\n\t\t\t\t\t\t<span class=\"elementor-button-icon\">\n\t\t\t\t<svg aria-hidden=\"true\" class=\"e-font-icon-svg e-fas-arrow-right\" viewBox=\"0 0 448 512\" xmlns=\"http:\/\/www.w3.org\/2000\/svg\"><path d=\"M190.5 66.9l22.2-22.2c9.4-9.4 24.6-9.4 33.9 0L441 239c9.4 9.4 9.4 24.6 0 33.9L246.6 467.3c-9.4 9.4-24.6 9.4-33.9 0l-22.2-22.2c-9.5-9.5-9.3-25 .4-34.3L311.4 296H24c-13.3 0-24-10.7-24-24v-32c0-13.3 10.7-24 24-24h287.4L190.9 101.2c-9.8-9.3-10-24.8-.4-34.3z\"><\/path><\/svg>\t\t\t<\/span>\n\t\t\t\t\t\t\t\t\t<span class=\"elementor-button-text\">Ver m\u00e1s<\/span>\n\t\t\t\t\t<\/span>\n\t\t\t\t\t<\/a>\n\t\t\t\t<\/div>\n\t\t\t\t\t\t\t\t<\/div>\n\t\t\t\t<\/div>\n\t\t\t\t<\/div>\n\t\t<div class=\"elementor-element elementor-element-27ba857 e-con-full e-flex e-con e-child\" data-id=\"27ba857\" data-element_type=\"container\" data-e-type=\"container\">\n\t\t\t\t<div class=\"elementor-element elementor-element-3e47c58 elementor-invisible elementor-widget elementor-widget-heading\" data-id=\"3e47c58\" data-element_type=\"widget\" data-e-type=\"widget\" data-settings=\"{&quot;_animation&quot;:&quot;fadeInUp&quot;}\" data-widget_type=\"heading.default\">\n\t\t\t\t<div class=\"elementor-widget-container\">\n\t\t\t\t\t<h3 class=\"elementor-heading-title elementor-size-default\">Veh\u00edculos registrados <\/h3>\t\t\t\t<\/div>\n\t\t\t\t<\/div>\n\t\t\t\t<div class=\"elementor-element elementor-element-5358652 elementor-widget elementor-widget-image\" data-id=\"5358652\" data-element_type=\"widget\" data-e-type=\"widget\" data-widget_type=\"image.default\">\n\t\t\t\t<div class=\"elementor-widget-container\">\n\t\t\t\t\t\t\t\t\t\t\t\t\t\t\t<img decoding=\"async\" width=\"800\" height=\"534\" src=\"https:\/\/pwpolmar.pl\/wp-content\/uploads\/2025\/09\/cover_1-1024x683.jpg\" class=\"attachment-large size-large wp-image-1081\" alt=\"\" srcset=\"https:\/\/pwpolmar.pl\/wp-content\/uploads\/2025\/09\/cover_1-1024x683.jpg 1024w, https:\/\/pwpolmar.pl\/wp-content\/uploads\/2025\/09\/cover_1-300x200.jpg 300w, https:\/\/pwpolmar.pl\/wp-content\/uploads\/2025\/09\/cover_1-768x512.jpg 768w, https:\/\/pwpolmar.pl\/wp-content\/uploads\/2025\/09\/cover_1-1536x1024.jpg 1536w, https:\/\/pwpolmar.pl\/wp-content\/uploads\/2025\/09\/cover_1.jpg 1800w\" sizes=\"(max-width: 800px) 100vw, 800px\" \/>\t\t\t\t\t\t\t\t\t\t\t\t\t\t\t<\/div>\n\t\t\t\t<\/div>\n\t\t\t\t<div class=\"elementor-element elementor-element-eeb82b2 elementor-widget elementor-widget-button\" data-id=\"eeb82b2\" data-element_type=\"widget\" data-e-type=\"widget\" data-widget_type=\"button.default\">\n\t\t\t\t<div class=\"elementor-widget-container\">\n\t\t\t\t\t\t\t\t\t<div class=\"elementor-button-wrapper\">\n\t\t\t\t\t<a class=\"elementor-button elementor-button-link elementor-size-sm\" href=\"https:\/\/pwpolmar.pl\/galeria\/samochody-zarejestrowane\/\">\n\t\t\t\t\t\t<span class=\"elementor-button-content-wrapper\">\n\t\t\t\t\t\t<span class=\"elementor-button-icon\">\n\t\t\t\t<svg aria-hidden=\"true\" class=\"e-font-icon-svg e-fas-arrow-right\" viewBox=\"0 0 448 512\" xmlns=\"http:\/\/www.w3.org\/2000\/svg\"><path d=\"M190.5 66.9l22.2-22.2c9.4-9.4 24.6-9.4 33.9 0L441 239c9.4 9.4 9.4 24.6 0 33.9L246.6 467.3c-9.4 9.4-24.6 9.4-33.9 0l-22.2-22.2c-9.5-9.5-9.3-25 .4-34.3L311.4 296H24c-13.3 0-24-10.7-24-24v-32c0-13.3 10.7-24 24-24h287.4L190.9 101.2c-9.8-9.3-10-24.8-.4-34.3z\"><\/path><\/svg>\t\t\t<\/span>\n\t\t\t\t\t\t\t\t\t<span class=\"elementor-button-text\">Ver m\u00e1s<\/span>\n\t\t\t\t\t<\/span>\n\t\t\t\t\t<\/a>\n\t\t\t\t<\/div>\n\t\t\t\t\t\t\t\t<\/div>\n\t\t\t\t<\/div>\n\t\t\t\t<\/div>\n\t\t\t\t\t<\/div>\n\t\t\t\t<\/div>\n\t\t<div class=\"elementor-element elementor-element-77ae47c e-flex e-con-boxed e-con e-parent\" data-id=\"77ae47c\" data-element_type=\"container\" data-e-type=\"container\">\n\t\t\t\t\t<div class=\"e-con-inner\">\n\t\t<div class=\"elementor-element elementor-element-def4bf2 e-con-full e-flex e-con e-child\" data-id=\"def4bf2\" data-element_type=\"container\" data-e-type=\"container\">\n\t\t\t\t<div class=\"elementor-element elementor-element-a075d41 elementor-invisible elementor-widget elementor-widget-heading\" data-id=\"a075d41\" data-element_type=\"widget\" data-e-type=\"widget\" data-settings=\"{&quot;_animation&quot;:&quot;fadeInUp&quot;}\" data-widget_type=\"heading.default\">\n\t\t\t\t<div class=\"elementor-widget-container\">\n\t\t\t\t\t<h3 class=\"elementor-heading-title elementor-size-default\">Remolques<\/h3>\t\t\t\t<\/div>\n\t\t\t\t<\/div>\n\t\t\t\t<div class=\"elementor-element elementor-element-02bb35d elementor-widget elementor-widget-image\" data-id=\"02bb35d\" data-element_type=\"widget\" data-e-type=\"widget\" data-widget_type=\"image.default\">\n\t\t\t\t<div class=\"elementor-widget-container\">\n\t\t\t\t\t\t\t\t\t\t\t\t\t\t\t<img decoding=\"async\" width=\"800\" height=\"534\" src=\"https:\/\/pwpolmar.pl\/wp-content\/uploads\/2024\/11\/przyczepy_1-1024x683.jpg\" class=\"attachment-large size-large wp-image-1082\" alt=\"\" srcset=\"https:\/\/pwpolmar.pl\/wp-content\/uploads\/2024\/11\/przyczepy_1-1024x683.jpg 1024w, https:\/\/pwpolmar.pl\/wp-content\/uploads\/2024\/11\/przyczepy_1-300x200.jpg 300w, https:\/\/pwpolmar.pl\/wp-content\/uploads\/2024\/11\/przyczepy_1-768x512.jpg 768w, https:\/\/pwpolmar.pl\/wp-content\/uploads\/2024\/11\/przyczepy_1-1536x1024.jpg 1536w, https:\/\/pwpolmar.pl\/wp-content\/uploads\/2024\/11\/przyczepy_1.jpg 1800w\" sizes=\"(max-width: 800px) 100vw, 800px\" \/>\t\t\t\t\t\t\t\t\t\t\t\t\t\t\t<\/div>\n\t\t\t\t<\/div>\n\t\t\t\t<div class=\"elementor-element elementor-element-1cbafda elementor-widget elementor-widget-button\" data-id=\"1cbafda\" data-element_type=\"widget\" data-e-type=\"widget\" data-widget_type=\"button.default\">\n\t\t\t\t<div class=\"elementor-widget-container\">\n\t\t\t\t\t\t\t\t\t<div class=\"elementor-button-wrapper\">\n\t\t\t\t\t<a class=\"elementor-button elementor-button-link elementor-size-sm\" href=\"https:\/\/pwpolmar.pl\/galeria\/przyczepy\/\">\n\t\t\t\t\t\t<span class=\"elementor-button-content-wrapper\">\n\t\t\t\t\t\t<span class=\"elementor-button-icon\">\n\t\t\t\t<svg aria-hidden=\"true\" class=\"e-font-icon-svg e-fas-arrow-right\" viewBox=\"0 0 448 512\" xmlns=\"http:\/\/www.w3.org\/2000\/svg\"><path d=\"M190.5 66.9l22.2-22.2c9.4-9.4 24.6-9.4 33.9 0L441 239c9.4 9.4 9.4 24.6 0 33.9L246.6 467.3c-9.4 9.4-24.6 9.4-33.9 0l-22.2-22.2c-9.5-9.5-9.3-25 .4-34.3L311.4 296H24c-13.3 0-24-10.7-24-24v-32c0-13.3 10.7-24 24-24h287.4L190.9 101.2c-9.8-9.3-10-24.8-.4-34.3z\"><\/path><\/svg>\t\t\t<\/span>\n\t\t\t\t\t\t\t\t\t<span class=\"elementor-button-text\">Ver m\u00e1s<\/span>\n\t\t\t\t\t<\/span>\n\t\t\t\t\t<\/a>\n\t\t\t\t<\/div>\n\t\t\t\t\t\t\t\t<\/div>\n\t\t\t\t<\/div>\n\t\t\t\t<\/div>\n\t\t<div class=\"elementor-element elementor-element-e7ee393 e-con-full e-flex e-con e-child\" data-id=\"e7ee393\" data-element_type=\"container\" data-e-type=\"container\">\n\t\t\t\t<div class=\"elementor-element elementor-element-ad90e9d elementor-invisible elementor-widget elementor-widget-heading\" data-id=\"ad90e9d\" data-element_type=\"widget\" data-e-type=\"widget\" data-settings=\"{&quot;_animation&quot;:&quot;fadeInUp&quot;}\" data-widget_type=\"heading.default\">\n\t\t\t\t<div class=\"elementor-widget-container\">\n\t\t\t\t\t<h3 class=\"elementor-heading-title elementor-size-default\">Kits de montaje propio<\/h3>\t\t\t\t<\/div>\n\t\t\t\t<\/div>\n\t\t\t\t<div class=\"elementor-element elementor-element-570ed91 elementor-widget elementor-widget-image\" data-id=\"570ed91\" data-element_type=\"widget\" data-e-type=\"widget\" data-widget_type=\"image.default\">\n\t\t\t\t<div class=\"elementor-widget-container\">\n\t\t\t\t\t\t\t\t\t\t\t\t\t\t\t<img loading=\"lazy\" decoding=\"async\" width=\"800\" height=\"534\" src=\"https:\/\/pwpolmar.pl\/wp-content\/uploads\/2024\/11\/samochod_3-1024x683.jpg\" class=\"attachment-large size-large wp-image-1083\" alt=\"\" srcset=\"https:\/\/pwpolmar.pl\/wp-content\/uploads\/2024\/11\/samochod_3-1024x683.jpg 1024w, https:\/\/pwpolmar.pl\/wp-content\/uploads\/2024\/11\/samochod_3-300x200.jpg 300w, https:\/\/pwpolmar.pl\/wp-content\/uploads\/2024\/11\/samochod_3-768x512.jpg 768w, https:\/\/pwpolmar.pl\/wp-content\/uploads\/2024\/11\/samochod_3-1536x1024.jpg 1536w, https:\/\/pwpolmar.pl\/wp-content\/uploads\/2024\/11\/samochod_3.jpg 1800w\" sizes=\"(max-width: 800px) 100vw, 800px\" \/>\t\t\t\t\t\t\t\t\t\t\t\t\t\t\t<\/div>\n\t\t\t\t<\/div>\n\t\t\t\t<div class=\"elementor-element elementor-element-723b286 elementor-widget elementor-widget-button\" data-id=\"723b286\" data-element_type=\"widget\" data-e-type=\"widget\" data-widget_type=\"button.default\">\n\t\t\t\t<div class=\"elementor-widget-container\">\n\t\t\t\t\t\t\t\t\t<div class=\"elementor-button-wrapper\">\n\t\t\t\t\t<a class=\"elementor-button elementor-button-link elementor-size-sm\" href=\"https:\/\/pwpolmar.pl\/galeria\/zestawy-do-samodzielnego-montazu\/\">\n\t\t\t\t\t\t<span class=\"elementor-button-content-wrapper\">\n\t\t\t\t\t\t<span class=\"elementor-button-icon\">\n\t\t\t\t<svg aria-hidden=\"true\" class=\"e-font-icon-svg e-fas-arrow-right\" viewBox=\"0 0 448 512\" xmlns=\"http:\/\/www.w3.org\/2000\/svg\"><path d=\"M190.5 66.9l22.2-22.2c9.4-9.4 24.6-9.4 33.9 0L441 239c9.4 9.4 9.4 24.6 0 33.9L246.6 467.3c-9.4 9.4-24.6 9.4-33.9 0l-22.2-22.2c-9.5-9.5-9.3-25 .4-34.3L311.4 296H24c-13.3 0-24-10.7-24-24v-32c0-13.3 10.7-24 24-24h287.4L190.9 101.2c-9.8-9.3-10-24.8-.4-34.3z\"><\/path><\/svg>\t\t\t<\/span>\n\t\t\t\t\t\t\t\t\t<span class=\"elementor-button-text\">Ver m\u00e1s<\/span>\n\t\t\t\t\t<\/span>\n\t\t\t\t\t<\/a>\n\t\t\t\t<\/div>\n\t\t\t\t\t\t\t\t<\/div>\n\t\t\t\t<\/div>\n\t\t\t\t<\/div>\n\t\t\t\t\t<\/div>\n\t\t\t\t<\/div>\n\t\t<div class=\"elementor-element elementor-element-a255ea9 e-flex e-con-boxed e-con e-parent\" data-id=\"a255ea9\" data-element_type=\"container\" data-e-type=\"container\">\n\t\t\t\t\t<div class=\"e-con-inner\">\n\t\t<div class=\"elementor-element elementor-element-cfbd505 e-con-full e-flex e-con e-child\" data-id=\"cfbd505\" data-element_type=\"container\" data-e-type=\"container\">\n\t\t\t\t<\/div>\n\t\t<div class=\"elementor-element elementor-element-36cd438 e-con-full e-flex e-con e-child\" data-id=\"36cd438\" data-element_type=\"container\" data-e-type=\"container\">\n\t\t\t\t<div class=\"elementor-element elementor-element-1d206a2 elementor-invisible elementor-widget elementor-widget-heading\" data-id=\"1d206a2\" data-element_type=\"widget\" data-e-type=\"widget\" data-settings=\"{&quot;_animation&quot;:&quot;fadeInUp&quot;}\" data-widget_type=\"heading.default\">\n\t\t\t\t<div class=\"elementor-widget-container\">\n\t\t\t\t\t<h3 class=\"elementor-heading-title elementor-size-default\">Kits de acabado propio (tipo bastidor)<\/h3>\t\t\t\t<\/div>\n\t\t\t\t<\/div>\n\t\t\t\t<div class=\"elementor-element elementor-element-51f5de1 elementor-widget elementor-widget-image\" data-id=\"51f5de1\" data-element_type=\"widget\" data-e-type=\"widget\" data-widget_type=\"image.default\">\n\t\t\t\t<div class=\"elementor-widget-container\">\n\t\t\t\t\t\t\t\t\t\t\t\t\t\t\t<img loading=\"lazy\" decoding=\"async\" width=\"800\" height=\"534\" src=\"https:\/\/pwpolmar.pl\/wp-content\/uploads\/2025\/09\/ramiak_main.jpg\" class=\"attachment-large size-large wp-image-1084\" alt=\"\" srcset=\"https:\/\/pwpolmar.pl\/wp-content\/uploads\/2025\/09\/ramiak_main.jpg 1024w, https:\/\/pwpolmar.pl\/wp-content\/uploads\/2025\/09\/ramiak_main-300x200.jpg 300w, https:\/\/pwpolmar.pl\/wp-content\/uploads\/2025\/09\/ramiak_main-768x512.jpg 768w\" sizes=\"(max-width: 800px) 100vw, 800px\" \/>\t\t\t\t\t\t\t\t\t\t\t\t\t\t\t<\/div>\n\t\t\t\t<\/div>\n\t\t\t\t<div class=\"elementor-element elementor-element-d4b4fef elementor-widget elementor-widget-button\" data-id=\"d4b4fef\" data-element_type=\"widget\" data-e-type=\"widget\" data-widget_type=\"button.default\">\n\t\t\t\t<div class=\"elementor-widget-container\">\n\t\t\t\t\t\t\t\t\t<div class=\"elementor-button-wrapper\">\n\t\t\t\t\t<a class=\"elementor-button elementor-button-link elementor-size-sm\" href=\"https:\/\/pwpolmar.pl\/galeria\/zestawy-do-samodzielnego-wykonczenia-ramiak\/\">\n\t\t\t\t\t\t<span class=\"elementor-button-content-wrapper\">\n\t\t\t\t\t\t<span class=\"elementor-button-icon\">\n\t\t\t\t<svg aria-hidden=\"true\" class=\"e-font-icon-svg e-fas-arrow-right\" viewBox=\"0 0 448 512\" xmlns=\"http:\/\/www.w3.org\/2000\/svg\"><path d=\"M190.5 66.9l22.2-22.2c9.4-9.4 24.6-9.4 33.9 0L441 239c9.4 9.4 9.4 24.6 0 33.9L246.6 467.3c-9.4 9.4-24.6 9.4-33.9 0l-22.2-22.2c-9.5-9.5-9.3-25 .4-34.3L311.4 296H24c-13.3 0-24-10.7-24-24v-32c0-13.3 10.7-24 24-24h287.4L190.9 101.2c-9.8-9.3-10-24.8-.4-34.3z\"><\/path><\/svg>\t\t\t<\/span>\n\t\t\t\t\t\t\t\t\t<span class=\"elementor-button-text\">Ver m\u00e1s<\/span>\n\t\t\t\t\t<\/span>\n\t\t\t\t\t<\/a>\n\t\t\t\t<\/div>\n\t\t\t\t\t\t\t\t<\/div>\n\t\t\t\t<\/div>\n\t\t\t\t<\/div>\n\t\t<div class=\"elementor-element elementor-element-908261a e-con-full e-flex e-con e-child\" data-id=\"908261a\" data-element_type=\"container\" data-e-type=\"container\">\n\t\t\t\t<\/div>\n\t\t\t\t\t<\/div>\n\t\t\t\t<\/div>\n\t\t\t\t<\/div>\n\t\t","protected":false},"excerpt":{"rendered":"<p>Galer\u00eda de proyectos de PW Polmar A continuaci\u00f3n presentamos los proyectos realizados por PW Polmar. Veh\u00edculos nuevos Ver m\u00e1s Veh\u00edculos registrados Ver m\u00e1s Remolques Ver m\u00e1s Kits de montaje propio Ver m\u00e1s Kits de acabado propio (tipo bastidor) Ver m\u00e1s<\/p>\n","protected":false},"author":1,"featured_media":0,"parent":0,"menu_order":0,"comment_status":"closed","ping_status":"closed","template":"elementor_header_footer","meta":{"footnotes":""},"class_list":["post-1085","page","type-page","status-publish","hentry"],"yoast_head":"<!-- This site is optimized with the Yoast SEO plugin v26.9 - https:\/\/yoast.com\/product\/yoast-seo-wordpress\/ -->\n<title>Galer\u00eda - Polmar | Zabudowy samochodowe Trzebinia<\/title>\n<meta name=\"robots\" content=\"index, follow, max-snippet:-1, max-image-preview:large, max-video-preview:-1\" \/>\n<link rel=\"canonical\" href=\"https:\/\/pwpolmar.pl\/es\/galeria\/\" \/>\n<meta property=\"og:locale\" content=\"es_ES\" \/>\n<meta property=\"og:type\" content=\"article\" \/>\n<meta property=\"og:title\" content=\"Galer\u00eda - Polmar | Zabudowy samochodowe Trzebinia\" \/>\n<meta property=\"og:description\" content=\"Galer\u00eda de proyectos de PW Polmar A continuaci\u00f3n presentamos los proyectos realizados por PW Polmar. Veh\u00edculos nuevos Ver m\u00e1s Veh\u00edculos registrados Ver m\u00e1s Remolques Ver m\u00e1s Kits de montaje propio Ver m\u00e1s Kits de acabado propio (tipo bastidor) Ver m\u00e1s\" \/>\n<meta property=\"og:url\" content=\"https:\/\/pwpolmar.pl\/es\/galeria\/\" \/>\n<meta property=\"og:site_name\" content=\"Polmar | Zabudowy samochodowe Trzebinia\" \/>\n<meta property=\"article:modified_time\" content=\"2025-10-10T11:03:27+00:00\" \/>\n<meta property=\"og:image\" content=\"https:\/\/pwpolmar.pl\/wp-content\/uploads\/2024\/11\/iveco1_9.jpg\" \/>\n\t<meta property=\"og:image:width\" content=\"1800\" \/>\n\t<meta property=\"og:image:height\" content=\"1200\" \/>\n\t<meta property=\"og:image:type\" content=\"image\/jpeg\" \/>\n<meta name=\"twitter:card\" content=\"summary_large_image\" \/>\n<script type=\"application\/ld+json\" class=\"yoast-schema-graph\">{\"@context\":\"https:\/\/schema.org\",\"@graph\":[{\"@type\":\"WebPage\",\"@id\":\"https:\/\/pwpolmar.pl\/es\/galeria\/\",\"url\":\"https:\/\/pwpolmar.pl\/es\/galeria\/\",\"name\":\"Galer\u00eda - Polmar | Zabudowy samochodowe Trzebinia\",\"isPartOf\":{\"@id\":\"https:\/\/pwpolmar.pl\/es\/#website\"},\"primaryImageOfPage\":{\"@id\":\"https:\/\/pwpolmar.pl\/es\/galeria\/#primaryimage\"},\"image\":{\"@id\":\"https:\/\/pwpolmar.pl\/es\/galeria\/#primaryimage\"},\"thumbnailUrl\":\"https:\/\/pwpolmar.pl\/wp-content\/uploads\/2024\/11\/iveco1_9-1024x683.jpg\",\"datePublished\":\"2024-11-27T13:26:22+00:00\",\"dateModified\":\"2025-10-10T11:03:27+00:00\",\"breadcrumb\":{\"@id\":\"https:\/\/pwpolmar.pl\/es\/galeria\/#breadcrumb\"},\"inLanguage\":\"es\",\"potentialAction\":[{\"@type\":\"ReadAction\",\"target\":[\"https:\/\/pwpolmar.pl\/es\/galeria\/\"]}]},{\"@type\":\"ImageObject\",\"inLanguage\":\"es\",\"@id\":\"https:\/\/pwpolmar.pl\/es\/galeria\/#primaryimage\",\"url\":\"https:\/\/pwpolmar.pl\/wp-content\/uploads\/2024\/11\/iveco1_9-1024x683.jpg\",\"contentUrl\":\"https:\/\/pwpolmar.pl\/wp-content\/uploads\/2024\/11\/iveco1_9-1024x683.jpg\"},{\"@type\":\"BreadcrumbList\",\"@id\":\"https:\/\/pwpolmar.pl\/es\/galeria\/#breadcrumb\",\"itemListElement\":[{\"@type\":\"ListItem\",\"position\":1,\"name\":\"Strona g\u0142\u00f3wna\",\"item\":\"https:\/\/pwpolmar.pl\/es\/inicio\/\"},{\"@type\":\"ListItem\",\"position\":2,\"name\":\"Galer\u00eda\"}]},{\"@type\":\"WebSite\",\"@id\":\"https:\/\/pwpolmar.pl\/es\/#website\",\"url\":\"https:\/\/pwpolmar.pl\/es\/\",\"name\":\"Polmar | Zabudowy samochodowe Trzebinia\",\"description\":\"\",\"publisher\":{\"@id\":\"https:\/\/pwpolmar.pl\/es\/#organization\"},\"potentialAction\":[{\"@type\":\"SearchAction\",\"target\":{\"@type\":\"EntryPoint\",\"urlTemplate\":\"https:\/\/pwpolmar.pl\/es\/?s={search_term_string}\"},\"query-input\":{\"@type\":\"PropertyValueSpecification\",\"valueRequired\":true,\"valueName\":\"search_term_string\"}}],\"inLanguage\":\"es\"},{\"@type\":\"Organization\",\"@id\":\"https:\/\/pwpolmar.pl\/es\/#organization\",\"name\":\"Polmar | Zabudowy samochodowe Trzebinia\",\"url\":\"https:\/\/pwpolmar.pl\/es\/\",\"logo\":{\"@type\":\"ImageObject\",\"inLanguage\":\"es\",\"@id\":\"https:\/\/pwpolmar.pl\/es\/#\/schema\/logo\/image\/\",\"url\":\"https:\/\/pwpolmar.pl\/wp-content\/uploads\/2024\/11\/POLMAR-Nadwozia-LOGO-scaled.jpg\",\"contentUrl\":\"https:\/\/pwpolmar.pl\/wp-content\/uploads\/2024\/11\/POLMAR-Nadwozia-LOGO-scaled.jpg\",\"width\":2560,\"height\":1365,\"caption\":\"Polmar | Zabudowy samochodowe Trzebinia\"},\"image\":{\"@id\":\"https:\/\/pwpolmar.pl\/es\/#\/schema\/logo\/image\/\"}}]}<\/script>\n<!-- \/ Yoast SEO plugin. -->","yoast_head_json":{"title":"Galer\u00eda - Polmar | Zabudowy samochodowe Trzebinia","robots":{"index":"index","follow":"follow","max-snippet":"max-snippet:-1","max-image-preview":"max-image-preview:large","max-video-preview":"max-video-preview:-1"},"canonical":"https:\/\/pwpolmar.pl\/es\/galeria\/","og_locale":"es_ES","og_type":"article","og_title":"Galer\u00eda - Polmar | Zabudowy samochodowe Trzebinia","og_description":"Galer\u00eda de proyectos de PW Polmar A continuaci\u00f3n presentamos los proyectos realizados por PW Polmar. Veh\u00edculos nuevos Ver m\u00e1s Veh\u00edculos registrados Ver m\u00e1s Remolques Ver m\u00e1s Kits de montaje propio Ver m\u00e1s Kits de acabado propio (tipo bastidor) Ver m\u00e1s","og_url":"https:\/\/pwpolmar.pl\/es\/galeria\/","og_site_name":"Polmar | Zabudowy samochodowe Trzebinia","article_modified_time":"2025-10-10T11:03:27+00:00","og_image":[{"width":1800,"height":1200,"url":"https:\/\/pwpolmar.pl\/wp-content\/uploads\/2024\/11\/iveco1_9.jpg","type":"image\/jpeg"}],"twitter_card":"summary_large_image","schema":{"@context":"https:\/\/schema.org","@graph":[{"@type":"WebPage","@id":"https:\/\/pwpolmar.pl\/es\/galeria\/","url":"https:\/\/pwpolmar.pl\/es\/galeria\/","name":"Galer\u00eda - Polmar | Zabudowy samochodowe Trzebinia","isPartOf":{"@id":"https:\/\/pwpolmar.pl\/es\/#website"},"primaryImageOfPage":{"@id":"https:\/\/pwpolmar.pl\/es\/galeria\/#primaryimage"},"image":{"@id":"https:\/\/pwpolmar.pl\/es\/galeria\/#primaryimage"},"thumbnailUrl":"https:\/\/pwpolmar.pl\/wp-content\/uploads\/2024\/11\/iveco1_9-1024x683.jpg","datePublished":"2024-11-27T13:26:22+00:00","dateModified":"2025-10-10T11:03:27+00:00","breadcrumb":{"@id":"https:\/\/pwpolmar.pl\/es\/galeria\/#breadcrumb"},"inLanguage":"es","potentialAction":[{"@type":"ReadAction","target":["https:\/\/pwpolmar.pl\/es\/galeria\/"]}]},{"@type":"ImageObject","inLanguage":"es","@id":"https:\/\/pwpolmar.pl\/es\/galeria\/#primaryimage","url":"https:\/\/pwpolmar.pl\/wp-content\/uploads\/2024\/11\/iveco1_9-1024x683.jpg","contentUrl":"https:\/\/pwpolmar.pl\/wp-content\/uploads\/2024\/11\/iveco1_9-1024x683.jpg"},{"@type":"BreadcrumbList","@id":"https:\/\/pwpolmar.pl\/es\/galeria\/#breadcrumb","itemListElement":[{"@type":"ListItem","position":1,"name":"Strona g\u0142\u00f3wna","item":"https:\/\/pwpolmar.pl\/es\/inicio\/"},{"@type":"ListItem","position":2,"name":"Galer\u00eda"}]},{"@type":"WebSite","@id":"https:\/\/pwpolmar.pl\/es\/#website","url":"https:\/\/pwpolmar.pl\/es\/","name":"Polmar | Zabudowy samochodowe Trzebinia","description":"","publisher":{"@id":"https:\/\/pwpolmar.pl\/es\/#organization"},"potentialAction":[{"@type":"SearchAction","target":{"@type":"EntryPoint","urlTemplate":"https:\/\/pwpolmar.pl\/es\/?s={search_term_string}"},"query-input":{"@type":"PropertyValueSpecification","valueRequired":true,"valueName":"search_term_string"}}],"inLanguage":"es"},{"@type":"Organization","@id":"https:\/\/pwpolmar.pl\/es\/#organization","name":"Polmar | Zabudowy samochodowe Trzebinia","url":"https:\/\/pwpolmar.pl\/es\/","logo":{"@type":"ImageObject","inLanguage":"es","@id":"https:\/\/pwpolmar.pl\/es\/#\/schema\/logo\/image\/","url":"https:\/\/pwpolmar.pl\/wp-content\/uploads\/2024\/11\/POLMAR-Nadwozia-LOGO-scaled.jpg","contentUrl":"https:\/\/pwpolmar.pl\/wp-content\/uploads\/2024\/11\/POLMAR-Nadwozia-LOGO-scaled.jpg","width":2560,"height":1365,"caption":"Polmar | Zabudowy samochodowe Trzebinia"},"image":{"@id":"https:\/\/pwpolmar.pl\/es\/#\/schema\/logo\/image\/"}}]}},"_links":{"self":[{"href":"https:\/\/pwpolmar.pl\/es\/wp-json\/wp\/v2\/pages\/1085","targetHints":{"allow":["GET"]}}],"collection":[{"href":"https:\/\/pwpolmar.pl\/es\/wp-json\/wp\/v2\/pages"}],"about":[{"href":"https:\/\/pwpolmar.pl\/es\/wp-json\/wp\/v2\/types\/page"}],"author":[{"embeddable":true,"href":"https:\/\/pwpolmar.pl\/es\/wp-json\/wp\/v2\/users\/1"}],"replies":[{"embeddable":true,"href":"https:\/\/pwpolmar.pl\/es\/wp-json\/wp\/v2\/comments?post=1085"}],"version-history":[{"count":1,"href":"https:\/\/pwpolmar.pl\/es\/wp-json\/wp\/v2\/pages\/1085\/revisions"}],"predecessor-version":[{"id":1088,"href":"https:\/\/pwpolmar.pl\/es\/wp-json\/wp\/v2\/pages\/1085\/revisions\/1088"}],"wp:attachment":[{"href":"https:\/\/pwpolmar.pl\/es\/wp-json\/wp\/v2\/media?parent=1085"}],"curies":[{"name":"wp","href":"https:\/\/api.w.org\/{rel}","templated":true}]}}